{"id":130,"date":"2021-11-24T11:37:47","date_gmt":"2021-11-24T10:37:47","guid":{"rendered":"https:\/\/www.cpam-artois.fr\/cnge\/?page_id=130"},"modified":"2021-11-29T14:21:56","modified_gmt":"2021-11-29T13:21:56","slug":"vos-droits-en-tant-quassure","status":"publish","type":"page","link":"https:\/\/www.cpam-artois.fr\/cnge\/?page_id=130","title":{"rendered":"Foire aux questions"},"content":{"rendered":"<div  class=\"ewd-ufaq-faq-list ewd-ufaq-page-type-distinct ewd-ufaq-category-tabs-\" id='ewd-ufaq-faq-list'>\n\n\t<input type='hidden' name='show_on_load' value='' id='ewd-ufaq-show-on-load' \/>\n<input type='hidden' name='include_category' value='' id='ewd-ufaq-include-category' \/>\n<input type='hidden' name='exclude_category' value='' id='ewd-ufaq-exclude-category' \/>\n<input type='hidden' name='orderby' value='title' id='ewd-ufaq-orderby' \/>\n<input type='hidden' name='order' value='asc' id='ewd-ufaq-order' \/>\n<input type='hidden' name='post_count' value='-1' id='ewd-ufaq-post-count' \/>\n<input type='hidden' name='current_url' value='\/cnge\/index.php?rest_route=%2Fwp%2Fv2%2Fpages%2F130' id='ewd-ufaq-current-url' \/>\n\t\n\t\n\t<div class='ewd-ufaq-faqs'>\n\n\t\t<div id='ewd-ufaq-faq-category-1-soins-de-sante' class='ewd-ufaq-faq-category'>\n\t\n\t<div class='ewd-ufaq-faq-category-title '  >\n\t\t\n\t\t<h3 title=\"Click here to open Soins de sant\u00e9\">\n\t\t\tSoins de sant\u00e9\t\t\t\t\t<\/h3>\n\n\t\t\t\n\t<\/div>\n\t\n\t<div class='ewd-ufaq-faq-category-inner ' >\n<div  class=\"ewd-ufaq-faq-div ewd-ufaq-faq-column-count-one ewd-ufaq-faq-responsive-columns- ewd-ufaq-faq-display-style-default ewd-ufaq-can-be-toggled\" id='ewd-ufaq-post-34-4eKF2DTL4F' data-post_id='34'>\n\n\t\t\n\t<div class='ewd-ufaq-faq-title ewd-ufaq-faq-toggle'>\n\t\n\t<a class='ewd-ufaq-post-margin'  href='#' role=\"button\">\n\n\t\t<div class='ewd-ufaq-post-margin-symbol ewd-ufaq-'>\n\t\t\t<span >a<\/span>\n\t\t<\/div>\n\n\t\t<div class='ewd-ufaq-faq-title-text'>\n\n\t\t\t<h4>\n\t\t\t\tQuelles sont les modalit\u00e9s de prise en charge de mes soins de sant\u00e9 par l\u2019Assurance Maladie ?\t\t\t<\/h4>\n\n\t\t<\/div>\n\n\t\t<div class='ewd-ufaq-clear'><\/div>\n\n\t<\/a>\n\t\n<\/div>\n\t\n\t<div class='ewd-ufaq-faq-body ewd-ufaq-hidden' >\n\n\t\t\n\t\t\t\n\t\t\n\t\t\t<div class='ewd-ufaq-post-margin ewd-ufaq-faq-post'>\n\t\n<p>En tant que praticien ou auxiliaire m\u00e9dical conventionn\u00e9, vous relevez du r\u00e9gime d&rsquo;assurance maladie des praticiens et auxiliaires m\u00e9dicaux conventionn\u00e9s (PAMC). Le point sur les conditions \u00e0 remplir pour b\u00e9n\u00e9ficier de ce r\u00e9gime d&rsquo;assurance maladie et sur les modalit\u00e9s de votre protection sociale.<\/p>\n\n\n\n<p><strong>Lire la suite\u00a0: <a rel=\"noreferrer noopener\" href=\"https:\/\/www.ameli.fr\/assure\/droits-demarches\/salaries-travailleurs-independants-et-personnes-sans-emploi\/emploi-independant-non-salarie\/praticien-auxiliaire-medical\" target=\"_blank\">https:\/\/www.ameli.fr\/assure\/droits-demarches\/&#8230;<\/a><\/strong><\/p>\n<\/div>\n\t\t\n\t\t\t\n\t\t\n\t\t\t\n\t\t\n\t\t\t\n\t\t\n\t\t\t\n\t\t\n\t\t\t\n\t\t\n\t\t\t\n\t\t\n\t\t\t\n\t\t\n\t\t\t\n\t\t\n\t<\/div>\n\n<\/div><\/div>\n\n<\/div>\n<div id='ewd-ufaq-faq-category-2-assurance-volontaire' class='ewd-ufaq-faq-category'>\n\t\n\t<div class='ewd-ufaq-faq-category-title '  >\n\t\t\n\t\t<h3 title=\"Click here to open Assurance volontaire\">\n\t\t\tAssurance volontaire\t\t\t\t\t<\/h3>\n\n\t\t\t\n\t<\/div>\n\t\n\t<div class='ewd-ufaq-faq-category-inner ' >\n<div  class=\"ewd-ufaq-faq-div ewd-ufaq-faq-column-count-one ewd-ufaq-faq-responsive-columns- ewd-ufaq-faq-display-style-default ewd-ufaq-can-be-toggled\" id='ewd-ufaq-post-12-Z2h68rbP1i' data-post_id='12'>\n\n\t\t\n\t<div class='ewd-ufaq-faq-title ewd-ufaq-faq-toggle'>\n\t\n\t<a class='ewd-ufaq-post-margin'  href='#' role=\"button\">\n\n\t\t<div class='ewd-ufaq-post-margin-symbol ewd-ufaq-'>\n\t\t\t<span >a<\/span>\n\t\t<\/div>\n\n\t\t<div class='ewd-ufaq-faq-title-text'>\n\n\t\t\t<h4>\n\t\t\t\tSuis-je obligatoirement assur\u00e9 contre le risque des accidents du travail et maladies professionnelles (AT\/MP) ?\t\t\t<\/h4>\n\n\t\t<\/div>\n\n\t\t<div class='ewd-ufaq-clear'><\/div>\n\n\t<\/a>\n\t\n<\/div>\n\t\n\t<div class='ewd-ufaq-faq-body ewd-ufaq-hidden' >\n\n\t\t\n\t\t\t\n\t\t\n\t\t\t<div class='ewd-ufaq-post-margin ewd-ufaq-faq-post'>\n\t\n<p>En tant que professionnel lib\u00e9ral, vous n&rsquo;\u00eates pas assur\u00e9 de fa\u00e7on obligatoire contre le risque des accidents du travail et maladies professionnelles (AT\/MP). Vous avez cependant la possibilit\u00e9 de souscrire une assurance volontaire et individuelle contre ce risque, moyennant le paiement d\u2019une cotisation.<\/p>\n\n\n\n<p><strong>Lire la suite\u00a0: <a rel=\"noreferrer noopener\" href=\"https:\/\/www.ameli.fr\/medecin\/exercice-liberal\/vie-cabinet\/assurances\/assurance-volontaire-individuelle-mp\" target=\"_blank\">https:\/\/www.ameli.fr\/medecin\/exercice-liberal\/&#8230;<\/a><\/strong><\/p>\n<\/div>\n\t\t\n\t\t\t\n\t\t\n\t\t\t\n\t\t\n\t\t\t\n\t\t\n\t\t\t\n\t\t\n\t\t\t\n\t\t\n\t\t\t\n\t\t\n\t\t\t\n\t\t\n\t\t\t\n\t\t\n\t<\/div>\n\n<\/div><\/div>\n\n<\/div>\n<div id='ewd-ufaq-faq-category-3-prestations-especes' class='ewd-ufaq-faq-category'>\n\t\n\t<div class='ewd-ufaq-faq-category-title '  >\n\t\t\n\t\t<h3 title=\"Click here to open Prestations esp\u00e8ces\">\n\t\t\tPrestations esp\u00e8ces\t\t\t\t\t<\/h3>\n\n\t\t\t\n\t<\/div>\n\t\n\t<div class='ewd-ufaq-faq-category-inner ' >\n<div  class=\"ewd-ufaq-faq-div ewd-ufaq-faq-column-count-one ewd-ufaq-faq-responsive-columns- ewd-ufaq-faq-display-style-default ewd-ufaq-can-be-toggled\" id='ewd-ufaq-post-114-3nPf7pfI7L' data-post_id='114'>\n\n\t\t\n\t<div class='ewd-ufaq-faq-title ewd-ufaq-faq-toggle'>\n\t\n\t<a class='ewd-ufaq-post-margin'  href='#' role=\"button\">\n\n\t\t<div class='ewd-ufaq-post-margin-symbol ewd-ufaq-'>\n\t\t\t<span >a<\/span>\n\t\t<\/div>\n\n\t\t<div class='ewd-ufaq-faq-title-text'>\n\n\t\t\t<h4>\n\t\t\t\tComment faire face aux charges inh\u00e9rentes \u00e0 la gestion du cabinet m\u00e9dical pendant un cong\u00e9 maternit\u00e9, paternit\u00e9 ou adoption ?\t\t\t<\/h4>\n\n\t\t<\/div>\n\n\t\t<div class='ewd-ufaq-clear'><\/div>\n\n\t<\/a>\n\t\n<\/div>\n\t\n\t<div class='ewd-ufaq-faq-body ewd-ufaq-hidden' >\n\n\t\t\n\t\t\t\n\t\t\n\t\t\t<div class='ewd-ufaq-post-margin ewd-ufaq-faq-post'>\n\t\n<p>Depuis le 29 octobre 2017, l\u2019avenant 3 de la convention m\u00e9dical, pr\u00e9voit en faveur de l&rsquo;ensemble des m\u00e9decins lib\u00e9raux conventionn\u00e9s, une aide financi\u00e8re conventionnelle compl\u00e9mentaire, pour pallier la baisse de revenus engendr\u00e9e par l&rsquo;interruption de l&rsquo;activit\u00e9 m\u00e9dicale due \u00e0 un cong\u00e9 pour maternit\u00e9, paternit\u00e9 ou adoption et leur permettre de faire face aux charges inh\u00e9rentes \u00e0 la gestion du cabinet m\u00e9dical pendant la dur\u00e9e de ce cong\u00e9.<\/p>\n\n\n\n<p><strong>Lire la suite\u00a0: <a href=\"https:\/\/www.ameli.fr\/artois\/medecin\/exercice-liberal\/vie-cabinet\/aides-financieres\/aide-financiere-maternite-paternite-adoption\">https:\/\/www.ameli.fr\/artois\/medecin\/exercice-liberal\/&#8230;<\/a><\/strong><\/p>\n<\/div>\n\t\t\n\t\t\t\n\t\t\n\t\t\t\n\t\t\n\t\t\t\n\t\t\n\t\t\t\n\t\t\n\t\t\t\n\t\t\n\t\t\t\n\t\t\n\t\t\t\n\t\t\n\t\t\t\n\t\t\n\t<\/div>\n\n<\/div><div  class=\"ewd-ufaq-faq-div ewd-ufaq-faq-column-count-one ewd-ufaq-faq-responsive-columns- ewd-ufaq-faq-display-style-default ewd-ufaq-can-be-toggled\" id='ewd-ufaq-post-112-03b2WZt0Gl' data-post_id='112'>\n\n\t\t\n\t<div class='ewd-ufaq-faq-title ewd-ufaq-faq-toggle'>\n\t\n\t<a class='ewd-ufaq-post-margin'  href='#' role=\"button\">\n\n\t\t<div class='ewd-ufaq-post-margin-symbol ewd-ufaq-'>\n\t\t\t<span >a<\/span>\n\t\t<\/div>\n\n\t\t<div class='ewd-ufaq-faq-title-text'>\n\n\t\t\t<h4>\n\t\t\t\tQuelles sont les conditions requises pour percevoir une indemnisation lors de la grossesse (du cong\u00e9 maternit\u00e9), du cong\u00e9 paternit\u00e9 ou lors d\u2019une adoption ?\t\t\t<\/h4>\n\n\t\t<\/div>\n\n\t\t<div class='ewd-ufaq-clear'><\/div>\n\n\t<\/a>\n\t\n<\/div>\n\t\n\t<div class='ewd-ufaq-faq-body ewd-ufaq-hidden' >\n\n\t\t\n\t\t\t\n\t\t\n\t\t\t<div class='ewd-ufaq-post-margin ewd-ufaq-faq-post'>\n\t\n<p>La maternit\u00e9, la paternit\u00e9 et l\u2019adoption vous conf\u00e8rent certains droits : cong\u00e9s, indemnit\u00e9s journali\u00e8res, prise en charge de vos frais m\u00e9dicaux, accompagnement\u2026 Retrouvez sur Ameli toutes les informations sur vos droits et les d\u00e9marches \u00e0 entreprendre.<\/p>\n\n\n\n<p><strong>Lire la suite : <a rel=\"noreferrer noopener\" href=\"https:\/\/www.ameli.fr\/assure\/droits-demarches\/famille\/maternite-paternite-adoption\" target=\"_blank\">https:\/\/www.ameli.fr\/assure\/droits-demarches\/&#8230;<\/a><\/strong><\/p>\n<\/div>\n\t\t\n\t\t\t\n\t\t\n\t\t\t\n\t\t\n\t\t\t\n\t\t\n\t\t\t\n\t\t\n\t\t\t\n\t\t\n\t\t\t\n\t\t\n\t\t\t\n\t\t\n\t\t\t\n\t\t\n\t<\/div>\n\n<\/div><\/div>\n\n<\/div>\n<div id='ewd-ufaq-faq-category-4-divers' class='ewd-ufaq-faq-category'>\n\t\n\t<div class='ewd-ufaq-faq-category-title '  >\n\t\t\n\t\t<h3 title=\"Click here to open Divers\">\n\t\t\tDivers\t\t\t\t\t<\/h3>\n\n\t\t\t\n\t<\/div>\n\t\n\t<div class='ewd-ufaq-faq-category-inner ' >\n<div  class=\"ewd-ufaq-faq-div ewd-ufaq-faq-column-count-one ewd-ufaq-faq-responsive-columns- ewd-ufaq-faq-display-style-default ewd-ufaq-can-be-toggled\" id='ewd-ufaq-post-115-78t2ld2eBi' data-post_id='115'>\n\n\t\t\n\t<div class='ewd-ufaq-faq-title ewd-ufaq-faq-toggle'>\n\t\n\t<a class='ewd-ufaq-post-margin'  href='#' role=\"button\">\n\n\t\t<div class='ewd-ufaq-post-margin-symbol ewd-ufaq-'>\n\t\t\t<span >a<\/span>\n\t\t<\/div>\n\n\t\t<div class='ewd-ufaq-faq-title-text'>\n\n\t\t\t<h4>\n\t\t\t\tDois-je adh\u00e9rer \u00e0 la Caisse Autonome de Retraite des M\u00e9decins de France (CARMF) ?\t\t\t<\/h4>\n\n\t\t<\/div>\n\n\t\t<div class='ewd-ufaq-clear'><\/div>\n\n\t<\/a>\n\t\n<\/div>\n\t\n\t<div class='ewd-ufaq-faq-body ewd-ufaq-hidden' >\n\n\t\t\n\t\t\t\n\t\t\n\t\t\t<div class='ewd-ufaq-post-margin ewd-ufaq-faq-post'>\n\t\n<p>L\u2019adh\u00e9sion \u00e0 la CRAMF est obligatoire pour tout m\u00e9decin inscrit \u00e0 l\u2019Ordre et exer\u00e7ant en lib\u00e9ral, m\u00eame \u00e0 temps partiel, et m\u00eame s\u2019il exerce par ailleurs une activit\u00e9 salari\u00e9e.<\/p>\n\n\n\n<p><strong>Pour en savoir plus, consultez le site de la <a href=\"http:\/\/www.carmf.fr\/\" target=\"_blank\" rel=\"noreferrer noopener\">Caisse Autonome de Retraite des M\u00e9decins de France (CARMF).<\/a><\/strong><\/p>\n<\/div>\n\t\t\n\t\t\t\n\t\t\n\t\t\t\n\t\t\n\t\t\t\n\t\t\n\t\t\t\n\t\t\n\t\t\t\n\t\t\n\t\t\t\n\t\t\n\t\t\t\n\t\t\n\t\t\t\n\t\t\n\t<\/div>\n\n<\/div><div  class=\"ewd-ufaq-faq-div ewd-ufaq-faq-column-count-one ewd-ufaq-faq-responsive-columns- ewd-ufaq-faq-display-style-default ewd-ufaq-can-be-toggled\" id='ewd-ufaq-post-116-Trr8VNhGDE' data-post_id='116'>\n\n\t\t\n\t<div class='ewd-ufaq-faq-title ewd-ufaq-faq-toggle'>\n\t\n\t<a class='ewd-ufaq-post-margin'  href='#' role=\"button\">\n\n\t\t<div class='ewd-ufaq-post-margin-symbol ewd-ufaq-'>\n\t\t\t<span >a<\/span>\n\t\t<\/div>\n\n\t\t<div class='ewd-ufaq-faq-title-text'>\n\n\t\t\t<h4>\n\t\t\t\tPuis-je pr\u00e9tendre \u00e0 de prestations de la Caisse d\u2019Allocations Familiales (CAF) ?\t\t\t<\/h4>\n\n\t\t<\/div>\n\n\t\t<div class='ewd-ufaq-clear'><\/div>\n\n\t<\/a>\n\t\n<\/div>\n\t\n\t<div class='ewd-ufaq-faq-body ewd-ufaq-hidden' >\n\n\t\t\n\t\t\t\n\t\t\n\t\t\t<div class='ewd-ufaq-post-margin ewd-ufaq-faq-post'>\n\t\n<p>Les professions lib\u00e9rales ont les m\u00eames droits que les salari\u00e9s pour toutes les prestations servies par les CAF. Vous devez vous adresser \u00e0 la CAF de votre lieu d\u2019exercice.<\/p>\n\n\n\n<p><strong>Pour en savoir plus, consultez le site de la <a href=\"https:\/\/www.caf.fr\/\" target=\"_blank\" rel=\"noreferrer noopener\">Caisse d\u2019Allocations Familiales (CAF)<\/a>.<\/strong><\/p>\n<\/div>\n\t\t\n\t\t\t\n\t\t\n\t\t\t\n\t\t\n\t\t\t\n\t\t\n\t\t\t\n\t\t\n\t\t\t\n\t\t\n\t\t\t\n\t\t\n\t\t\t\n\t\t\n\t\t\t\n\t\t\n\t<\/div>\n\n<\/div><div  class=\"ewd-ufaq-faq-div ewd-ufaq-faq-column-count-one ewd-ufaq-faq-responsive-columns- ewd-ufaq-faq-display-style-default ewd-ufaq-can-be-toggled\" id='ewd-ufaq-post-9-VDLWsxTwoU' data-post_id='9'>\n\n\t\t\n\t<div class='ewd-ufaq-faq-title ewd-ufaq-faq-toggle'>\n\t\n\t<a class='ewd-ufaq-post-margin'  href='#' role=\"button\">\n\n\t\t<div class='ewd-ufaq-post-margin-symbol ewd-ufaq-'>\n\t\t\t<span >a<\/span>\n\t\t<\/div>\n\n\t\t<div class='ewd-ufaq-faq-title-text'>\n\n\t\t\t<h4>\n\t\t\t\tQuelles sont les conditions requises pour percevoir des indemnit\u00e9s journali\u00e8res en cas d\u2019arr\u00eat maladie ?\t\t\t<\/h4>\n\n\t\t<\/div>\n\n\t\t<div class='ewd-ufaq-clear'><\/div>\n\n\t<\/a>\n\t\n<\/div>\n\t\n\t<div class='ewd-ufaq-faq-body ewd-ufaq-hidden' >\n\n\t\t\n\t\t\t\n\t\t\n\t\t\t<div class='ewd-ufaq-post-margin ewd-ufaq-faq-post'>\n\t\n<p>Vous \u00eates professionnel lib\u00e9ral, votre \u00e9tat de sant\u00e9 ne vous permet pas de reprendre votre activit\u00e9 et votre m\u00e9decin vous a prescrit un arr\u00eat de travail ? Sous certaines conditions, vous pouvez percevoir des indemnit\u00e9s journali\u00e8res apr\u00e8s un d\u00e9lai de carence de 3 jours.<\/p>\n\n\n\n<p><strong>Lire la suite\u00a0: <a rel=\"noreferrer noopener\" href=\"https:\/\/www.ameli.fr\/assure\/remboursements\/indemnites-journalieres\/arret-maladie-profession-liberale\" target=\"_blank\" data-type=\"URL\" data-id=\"https:\/\/www.ameli.fr\/assure\/remboursements\/indemnites-journalieres\/arret-maladie-profession-liberale\">https:\/\/www.ameli.fr\/assure\/remboursements\/..<\/a><a href=\"https:\/\/www.ameli.fr\/assure\/remboursements\/indemnites-journalieres\/arret-maladie-profession-liberale\" data-type=\"URL\" data-id=\"https:\/\/www.ameli.fr\/assure\/remboursements\/indemnites-journalieres\/arret-maladie-profession-liberale\" target=\"_blank\" rel=\"noreferrer noopener\">.<\/a><\/strong><\/p>\n<\/div>\n\t\t\n\t\t\t\n\t\t\n\t\t\t\n\t\t\n\t\t\t\n\t\t\n\t\t\t\n\t\t\n\t\t\t\n\t\t\n\t\t\t\n\t\t\n\t\t\t\n\t\t\n\t\t\t\n\t\t\n\t<\/div>\n\n<\/div><\/div>\n\n<\/div>\n\n\t<\/div>\n\n\t\n<\/div>\n","protected":false},"excerpt":{"rendered":"<p>A Quelles sont les conditions requises pour percevoir des indemnit\u00e9s journali\u00e8res en cas d\u2019arr\u00eat maladie ? Vous \u00eates professionnel lib\u00e9ral, votre \u00e9tat de sant\u00e9 ne vous permet pas de reprendre votre activit\u00e9 et votre m\u00e9decin vous a prescrit un arr\u00eat de travail ? Sous certaines conditions, vous pouvez percevoir des indemnit\u00e9s journali\u00e8res apr\u00e8s un d\u00e9lai [&hellip;]<\/p>\n","protected":false},"author":4,"featured_media":0,"parent":0,"menu_order":0,"comment_status":"closed","ping_status":"closed","template":"","meta":{"_acf_changed":false,"footnotes":""},"class_list":["post-130","page","type-page","status-publish","hentry"],"acf":[],"_links":{"self":[{"href":"https:\/\/www.cpam-artois.fr\/cnge\/index.php?rest_route=\/wp\/v2\/pages\/130","targetHints":{"allow":["GET"]}}],"collection":[{"href":"https:\/\/www.cpam-artois.fr\/cnge\/index.php?rest_route=\/wp\/v2\/pages"}],"about":[{"href":"https:\/\/www.cpam-artois.fr\/cnge\/index.php?rest_route=\/wp\/v2\/types\/page"}],"author":[{"embeddable":true,"href":"https:\/\/www.cpam-artois.fr\/cnge\/index.php?rest_route=\/wp\/v2\/users\/4"}],"replies":[{"embeddable":true,"href":"https:\/\/www.cpam-artois.fr\/cnge\/index.php?rest_route=%2Fwp%2Fv2%2Fcomments&post=130"}],"version-history":[{"count":3,"href":"https:\/\/www.cpam-artois.fr\/cnge\/index.php?rest_route=\/wp\/v2\/pages\/130\/revisions"}],"predecessor-version":[{"id":261,"href":"https:\/\/www.cpam-artois.fr\/cnge\/index.php?rest_route=\/wp\/v2\/pages\/130\/revisions\/261"}],"wp:attachment":[{"href":"https:\/\/www.cpam-artois.fr\/cnge\/index.php?rest_route=%2Fwp%2Fv2%2Fmedia&parent=130"}],"curies":[{"name":"wp","href":"https:\/\/api.w.org\/{rel}","templated":true}]}}