{"id":241,"date":"2021-11-26T11:55:32","date_gmt":"2021-11-26T10:55:32","guid":{"rendered":"https:\/\/www.cpam-artois.fr\/cnge\/?page_id=241"},"modified":"2021-11-26T14:24:10","modified_gmt":"2021-11-26T13:24:10","slug":"segur-du-numerique-en-sante","status":"publish","type":"page","link":"https:\/\/www.cpam-artois.fr\/cnge\/?page_id=241","title":{"rendered":"Le S\u00e9gur du num\u00e9rique en sant\u00e9"},"content":{"rendered":"\n<div class=\"wp-block-image\"><figure class=\"aligncenter size-full\"><a href=\"https:\/\/www.cpam-artois.fr\/cnge\/wp-content\/uploads\/2021\/11\/FICHE-PRATIQUE-SEGUR-NUMERIQUE-MEDECINS-DE-VILLE.pdf\" target=\"_blank\" rel=\"noopener\"><img loading=\"lazy\" decoding=\"async\" width=\"600\" height=\"848\" src=\"https:\/\/www.cpam-artois.fr\/cnge\/wp-content\/uploads\/2021\/11\/FICHE-PRATIQUE-SEGUR-NUMERIQUE-MEDECINS-DE-VILLE-1.png\" alt=\"\" class=\"wp-image-243\" srcset=\"https:\/\/www.cpam-artois.fr\/cnge\/wp-content\/uploads\/2021\/11\/FICHE-PRATIQUE-SEGUR-NUMERIQUE-MEDECINS-DE-VILLE-1.png 600w, https:\/\/www.cpam-artois.fr\/cnge\/wp-content\/uploads\/2021\/11\/FICHE-PRATIQUE-SEGUR-NUMERIQUE-MEDECINS-DE-VILLE-1-212x300.png 212w\" sizes=\"auto, (max-width: 600px) 100vw, 600px\" \/><\/a><\/figure><\/div>\n\n\n\n<div class=\"wp-block-file aligncenter\"><a href=\"https:\/\/www.cpam-artois.fr\/cnge\/wp-content\/uploads\/2021\/11\/FICHE-PRATIQUE-SEGUR-NUMERIQUE-MEDECINS-DE-VILLE.pdf\" target=\"_blank\" rel=\"noreferrer noopener\">FICHE-PRATIQUE-SEGUR-NUMERIQUE-MEDECINS-DE-VILLE<\/a><a href=\"https:\/\/www.cpam-artois.fr\/cnge\/wp-content\/uploads\/2021\/11\/FICHE-PRATIQUE-SEGUR-NUMERIQUE-MEDECINS-DE-VILLE.pdf\" class=\"wp-block-file__button\" download>T\u00e9l\u00e9charger<\/a><\/div>\n","protected":false},"excerpt":{"rendered":"","protected":false},"author":2,"featured_media":0,"parent":0,"menu_order":0,"comment_status":"closed","ping_status":"closed","template":"","meta":{"_acf_changed":false,"footnotes":""},"class_list":["post-241","page","type-page","status-publish","hentry"],"acf":[],"_links":{"self":[{"href":"https:\/\/www.cpam-artois.fr\/cnge\/index.php?rest_route=\/wp\/v2\/pages\/241","targetHints":{"allow":["GET"]}}],"collection":[{"href":"https:\/\/www.cpam-artois.fr\/cnge\/index.php?rest_route=\/wp\/v2\/pages"}],"about":[{"href":"https:\/\/www.cpam-artois.fr\/cnge\/index.php?rest_route=\/wp\/v2\/types\/page"}],"author":[{"embeddable":true,"href":"https:\/\/www.cpam-artois.fr\/cnge\/index.php?rest_route=\/wp\/v2\/users\/2"}],"replies":[{"embeddable":true,"href":"https:\/\/www.cpam-artois.fr\/cnge\/index.php?rest_route=%2Fwp%2Fv2%2Fcomments&post=241"}],"version-history":[{"count":3,"href":"https:\/\/www.cpam-artois.fr\/cnge\/index.php?rest_route=\/wp\/v2\/pages\/241\/revisions"}],"predecessor-version":[{"id":247,"href":"https:\/\/www.cpam-artois.fr\/cnge\/index.php?rest_route=\/wp\/v2\/pages\/241\/revisions\/247"}],"wp:attachment":[{"href":"https:\/\/www.cpam-artois.fr\/cnge\/index.php?rest_route=%2Fwp%2Fv2%2Fmedia&parent=241"}],"curies":[{"name":"wp","href":"https:\/\/api.w.org\/{rel}","templated":true}]}}