{"id":26,"date":"2021-10-28T15:35:23","date_gmt":"2021-10-28T13:35:23","guid":{"rendered":"https:\/\/www.cpam-artois.fr\/cnge\/?page_id=26"},"modified":"2022-12-13T11:53:03","modified_gmt":"2022-12-13T10:53:03","slug":"mon-espace-sante","status":"publish","type":"page","link":"https:\/\/www.cpam-artois.fr\/cnge\/?page_id=26","title":{"rendered":"Mon espace sant\u00e9"},"content":{"rendered":"\n<blockquote class=\"wp-block-quote is-layout-flow wp-block-quote-is-layout-flow\">\n<p>Ce nouvel espace, c&rsquo;est <a href=\"https:\/\/www.monespacesante.fr\/\">ici<\/a> qu&rsquo;on le retrouve!<\/p>\n<\/blockquote>\n\n\n\n<div class=\"wp-block-group is-nowrap is-layout-flex wp-container-core-group-is-layout-ad2f72ca wp-block-group-is-layout-flex\">\n<figure class=\"wp-block-embed is-type-video is-provider-youtube wp-block-embed-youtube wp-embed-aspect-16-9 wp-has-aspect-ratio\"><div class=\"wp-block-embed__wrapper\">\n<iframe loading=\"lazy\" title=\"Mon espace sant\u00e9 : Cas d&#039;usage 1\" width=\"500\" height=\"281\" src=\"https:\/\/www.youtube.com\/embed\/ZvntllRH6ZI?feature=oembed\" frameborder=\"0\" allow=\"accelerometer; autoplay; clipboard-write; encrypted-media; gyroscope; picture-in-picture; web-share\" referrerpolicy=\"strict-origin-when-cross-origin\" allowfullscreen><\/iframe>\n<\/div><\/figure>\n<\/div>\n\n\n\n<h2 class=\"wp-block-heading\">En tant que patient\u2026<\/h2>\n\n\n\n<p>Il s&rsquo;agit d&rsquo;une application, un carnet de sant\u00e9 num\u00e9rique qui vous donne la ma\u00eetrise sur vos donn\u00e9es m\u00e9dicales.<\/p>\n\n\n\n<p>Elle int\u00e8gre :<\/p>\n\n\n\n<ul class=\"wp-block-list\">\n<li>Votre profil m\u00e9dical<\/li>\n\n\n\n<li>Votre agenda de sant\u00e9<\/li>\n\n\n\n<li>Votre messagerie s\u00e9curis\u00e9e<\/li>\n\n\n\n<li>Un catalogue d&rsquo;applications et de sites labellis\u00e9s<\/li>\n<\/ul>\n\n\n\n<p>En tant que patient, Mon Espace Sant\u00e9 vous permet de stocker, partager vos documents et donn\u00e9es de sant\u00e9 en toute confidentialit\u00e9.<\/p>\n\n\n\n<figure class=\"wp-block-embed aligncenter is-type-video is-provider-youtube wp-block-embed-youtube wp-embed-aspect-16-9 wp-has-aspect-ratio\"><div class=\"wp-block-embed__wrapper\">\n<iframe loading=\"lazy\" title=\"Mon espace sant\u00e9 Assurance Maladie &quot;vous avez la main sur votre sant\u00e9&quot; Pub 30s\" width=\"500\" height=\"281\" src=\"https:\/\/www.youtube.com\/embed\/xB8fxzoXwKQ?feature=oembed\" frameborder=\"0\" allow=\"accelerometer; autoplay; clipboard-write; encrypted-media; gyroscope; picture-in-picture; web-share\" referrerpolicy=\"strict-origin-when-cross-origin\" allowfullscreen><\/iframe>\n<\/div><\/figure>\n\n\n\n<h2 class=\"wp-block-heading\">En tant que Professionnel de Sant\u00e9\u2026<\/h2>\n\n\n\n<p><em>          <strong>Synth\u00e8se<\/strong><\/em><\/p>\n\n\n\n<p>En tant que Professionnel de Sant\u00e9, vous disposez d&rsquo;ores et d\u00e9j\u00e0 des outils n\u00e9cessaires pour :<\/p>\n\n\n\n<ul class=\"wp-block-list\">\n<li>Enrichir le carnet de sant\u00e9 num\u00e9rique de votre patient<\/li>\n\n\n\n<li>Communiquer avec lui dans le respect du secret m\u00e9dical<\/li>\n<\/ul>\n\n\n<div class=\"wp-block-image\">\n<figure class=\"aligncenter size-large\"><img loading=\"lazy\" decoding=\"async\" width=\"488\" height=\"1024\" src=\"https:\/\/www.cpam-artois.fr\/cnge\/wp-content\/uploads\/2021\/11\/e-sante-488x1024.jpg\" alt=\"\" class=\"wp-image-248\" srcset=\"https:\/\/www.cpam-artois.fr\/cnge\/wp-content\/uploads\/2021\/11\/e-sante-488x1024.jpg 488w, https:\/\/www.cpam-artois.fr\/cnge\/wp-content\/uploads\/2021\/11\/e-sante-143x300.jpg 143w, https:\/\/www.cpam-artois.fr\/cnge\/wp-content\/uploads\/2021\/11\/e-sante.jpg 565w\" sizes=\"auto, (max-width: 488px) 100vw, 488px\" \/><\/figure>\n<\/div>\n\n\n<div class=\"wp-block-columns is-layout-flex wp-container-core-columns-is-layout-9d6595d7 wp-block-columns-is-layout-flex\">\n<div class=\"wp-block-column is-layout-flow wp-block-column-is-layout-flow\">\n<p><strong><em>          Les usages<\/em><\/strong><\/p>\n<\/div>\n<\/div>\n\n\n\n<div data-wp-interactive=\"core\/file\" class=\"wp-block-file aligncenter\"><object data-wp-bind--hidden=\"!state.hasPdfPreview\" hidden class=\"wp-block-file__embed\" data=\"https:\/\/www.cpam-artois.fr\/cnge\/wp-content\/uploads\/2022\/12\/Mon-espace-sante_Usages-possibles-en-fonction-du-statut-du-compte-utilis....pdf\" type=\"application\/pdf\" style=\"width:100%;height:600px\" aria-label=\"Contenu embarqu\u00e9 Mon-espace-sante_Usages-possibles-en-fonction-du-statut-du-compte-utilis....\"><\/object><a id=\"wp-block-file--media-22cde0bb-01a9-4270-8c4f-21ef26f692fd\" href=\"https:\/\/www.cpam-artois.fr\/cnge\/wp-content\/uploads\/2022\/12\/Mon-espace-sante_Usages-possibles-en-fonction-du-statut-du-compte-utilis....pdf\">Mon-espace-sante_Usages-possibles-en-fonction-du-statut-du-compte-utilis&#8230;<\/a><a href=\"https:\/\/www.cpam-artois.fr\/cnge\/wp-content\/uploads\/2022\/12\/Mon-espace-sante_Usages-possibles-en-fonction-du-statut-du-compte-utilis....pdf\" class=\"wp-block-file__button wp-element-button\" download aria-describedby=\"wp-block-file--media-22cde0bb-01a9-4270-8c4f-21ef26f692fd\">T\u00e9l\u00e9charger<\/a><\/div>\n\n\n\n<p><strong><em>          L&rsquo;ordonnance num\u00e9rique<\/em><\/strong><\/p>\n\n\n\n<div data-wp-interactive=\"core\/file\" class=\"wp-block-file aligncenter\"><object data-wp-bind--hidden=\"!state.hasPdfPreview\" hidden class=\"wp-block-file__embed\" data=\"https:\/\/www.cpam-artois.fr\/cnge\/wp-content\/uploads\/2022\/12\/CNAM_ordo-num-brochure-maj_E220930-HD-ss-traits-de-coupe.pdf\" type=\"application\/pdf\" style=\"width:100%;height:600px\" aria-label=\"Contenu embarqu\u00e9 CNAM_ordo-num-brochure-maj_E220930-HD-ss-traits-de-coupe.\"><\/object><a id=\"wp-block-file--media-642f50d3-4569-4254-a899-9e562af55c02\" href=\"https:\/\/www.cpam-artois.fr\/cnge\/wp-content\/uploads\/2022\/12\/CNAM_ordo-num-brochure-maj_E220930-HD-ss-traits-de-coupe.pdf\">CNAM_ordo-num-brochure-maj_E220930-HD-ss-traits-de-coupe<\/a><a href=\"https:\/\/www.cpam-artois.fr\/cnge\/wp-content\/uploads\/2022\/12\/CNAM_ordo-num-brochure-maj_E220930-HD-ss-traits-de-coupe.pdf\" class=\"wp-block-file__button wp-element-button\" download aria-describedby=\"wp-block-file--media-642f50d3-4569-4254-a899-9e562af55c02\">T\u00e9l\u00e9charger<\/a><\/div>\n","protected":false},"excerpt":{"rendered":"<p>Ce nouvel espace, c&rsquo;est ici qu&rsquo;on le retrouve! En tant que patient\u2026 Il s&rsquo;agit d&rsquo;une application, un carnet de sant\u00e9 num\u00e9rique qui vous donne la ma\u00eetrise sur vos donn\u00e9es m\u00e9dicales. Elle int\u00e8gre : En tant que patient, Mon Espace Sant\u00e9 vous permet de stocker, partager vos documents et donn\u00e9es de sant\u00e9 en toute confidentialit\u00e9. En [&hellip;]<\/p>\n","protected":false},"author":2,"featured_media":0,"parent":0,"menu_order":0,"comment_status":"closed","ping_status":"closed","template":"","meta":{"_acf_changed":false,"footnotes":""},"class_list":["post-26","page","type-page","status-publish","hentry"],"acf":[],"_links":{"self":[{"href":"https:\/\/www.cpam-artois.fr\/cnge\/index.php?rest_route=\/wp\/v2\/pages\/26","targetHints":{"allow":["GET"]}}],"collection":[{"href":"https:\/\/www.cpam-artois.fr\/cnge\/index.php?rest_route=\/wp\/v2\/pages"}],"about":[{"href":"https:\/\/www.cpam-artois.fr\/cnge\/index.php?rest_route=\/wp\/v2\/types\/page"}],"author":[{"embeddable":true,"href":"https:\/\/www.cpam-artois.fr\/cnge\/index.php?rest_route=\/wp\/v2\/users\/2"}],"replies":[{"embeddable":true,"href":"https:\/\/www.cpam-artois.fr\/cnge\/index.php?rest_route=%2Fwp%2Fv2%2Fcomments&post=26"}],"version-history":[{"count":18,"href":"https:\/\/www.cpam-artois.fr\/cnge\/index.php?rest_route=\/wp\/v2\/pages\/26\/revisions"}],"predecessor-version":[{"id":431,"href":"https:\/\/www.cpam-artois.fr\/cnge\/index.php?rest_route=\/wp\/v2\/pages\/26\/revisions\/431"}],"wp:attachment":[{"href":"https:\/\/www.cpam-artois.fr\/cnge\/index.php?rest_route=%2Fwp%2Fv2%2Fmedia&parent=26"}],"curies":[{"name":"wp","href":"https:\/\/api.w.org\/{rel}","templated":true}]}}