{"id":262,"date":"2021-11-29T14:29:56","date_gmt":"2021-11-29T13:29:56","guid":{"rendered":"https:\/\/www.cpam-artois.fr\/cnge\/?page_id=262"},"modified":"2021-11-29T14:55:11","modified_gmt":"2021-11-29T13:55:11","slug":"liens-utiles","status":"publish","type":"page","link":"https:\/\/www.cpam-artois.fr\/cnge\/?page_id=262","title":{"rendered":"Liens utiles"},"content":{"rendered":"\n<p><a href=\"https:\/\/www.ameli.fr\/artois\/medecin\/exercice-liberal\/vie-cabinet\/installation-liberal\" target=\"_blank\" rel=\"noreferrer noopener\">L&rsquo;installation en lib\u00e9ral sur ameli.fr<\/a><\/p>\n\n\n\n<p><a href=\"https:\/\/www.ameli.fr\/artois\/medecin\/exercice-liberal\/vie-cabinet\/remplacements\/remplacements\" data-type=\"URL\" data-id=\"https:\/\/www.ameli.fr\/artois\/medecin\/exercice-liberal\/vie-cabinet\/remplacements\/remplacements\" target=\"_blank\" rel=\"noreferrer noopener\">Exercice lib\u00e9ral : les remplacements sur ameli.fr<\/a><\/p>\n\n\n\n<p><a href=\"https:\/\/www.hauts-de-france.paps.sante.fr\/\" data-type=\"URL\" data-id=\"https:\/\/www.hauts-de-france.paps.sante.fr\/\" target=\"_blank\" rel=\"noreferrer noopener\">Portail d&rsquo;Accompagnement des Professionnels de Sant\u00e9 (PAPS) Hauts-de-France<\/a><\/p>\n","protected":false},"excerpt":{"rendered":"<p>L&rsquo;installation en lib\u00e9ral sur ameli.fr Exercice lib\u00e9ral : les remplacements sur ameli.fr Portail d&rsquo;Accompagnement des Professionnels de Sant\u00e9 (PAPS) Hauts-de-France<\/p>\n","protected":false},"author":3,"featured_media":0,"parent":0,"menu_order":0,"comment_status":"closed","ping_status":"closed","template":"","meta":{"_acf_changed":false,"footnotes":""},"class_list":["post-262","page","type-page","status-publish","hentry"],"acf":[],"_links":{"self":[{"href":"https:\/\/www.cpam-artois.fr\/cnge\/index.php?rest_route=\/wp\/v2\/pages\/262","targetHints":{"allow":["GET"]}}],"collection":[{"href":"https:\/\/www.cpam-artois.fr\/cnge\/index.php?rest_route=\/wp\/v2\/pages"}],"about":[{"href":"https:\/\/www.cpam-artois.fr\/cnge\/index.php?rest_route=\/wp\/v2\/types\/page"}],"author":[{"embeddable":true,"href":"https:\/\/www.cpam-artois.fr\/cnge\/index.php?rest_route=\/wp\/v2\/users\/3"}],"replies":[{"embeddable":true,"href":"https:\/\/www.cpam-artois.fr\/cnge\/index.php?rest_route=%2Fwp%2Fv2%2Fcomments&post=262"}],"version-history":[{"count":3,"href":"https:\/\/www.cpam-artois.fr\/cnge\/index.php?rest_route=\/wp\/v2\/pages\/262\/revisions"}],"predecessor-version":[{"id":288,"href":"https:\/\/www.cpam-artois.fr\/cnge\/index.php?rest_route=\/wp\/v2\/pages\/262\/revisions\/288"}],"wp:attachment":[{"href":"https:\/\/www.cpam-artois.fr\/cnge\/index.php?rest_route=%2Fwp%2Fv2%2Fmedia&parent=262"}],"curies":[{"name":"wp","href":"https:\/\/api.w.org\/{rel}","templated":true}]}}