{"id":267,"date":"2021-11-29T14:32:44","date_gmt":"2021-11-29T13:32:44","guid":{"rendered":"https:\/\/www.cpam-artois.fr\/cnge\/?page_id=267"},"modified":"2021-11-29T14:55:15","modified_gmt":"2021-11-29T13:55:15","slug":"liens-utiles-2","status":"publish","type":"page","link":"https:\/\/www.cpam-artois.fr\/cnge\/?page_id=267","title":{"rendered":"Liens utiles"},"content":{"rendered":"\n<p><a href=\"https:\/\/www.dmp.fr\/ps\/je-decouvre\" data-type=\"URL\" data-id=\"https:\/\/www.dmp.fr\/ps\/je-decouvre\" target=\"_blank\" rel=\"noreferrer noopener\">Professionnels : d\u00e9couvrir le DMP<\/a><\/p>\n\n\n\n<p><a href=\"https:\/\/esante.gouv.fr\/\" data-type=\"URL\" data-id=\"https:\/\/esante.gouv.fr\/\" target=\"_blank\" rel=\"noreferrer noopener\">Agence du Num\u00e9rique en Sant\u00e9 (ANS)<\/a><\/p>\n","protected":false},"excerpt":{"rendered":"<p>Professionnels : d\u00e9couvrir le DMP Agence du Num\u00e9rique en Sant\u00e9 (ANS)<\/p>\n","protected":false},"author":2,"featured_media":0,"parent":0,"menu_order":0,"comment_status":"closed","ping_status":"closed","template":"","meta":{"_acf_changed":false,"footnotes":""},"class_list":["post-267","page","type-page","status-publish","hentry"],"acf":[],"_links":{"self":[{"href":"https:\/\/www.cpam-artois.fr\/cnge\/index.php?rest_route=\/wp\/v2\/pages\/267","targetHints":{"allow":["GET"]}}],"collection":[{"href":"https:\/\/www.cpam-artois.fr\/cnge\/index.php?rest_route=\/wp\/v2\/pages"}],"about":[{"href":"https:\/\/www.cpam-artois.fr\/cnge\/index.php?rest_route=\/wp\/v2\/types\/page"}],"author":[{"embeddable":true,"href":"https:\/\/www.cpam-artois.fr\/cnge\/index.php?rest_route=\/wp\/v2\/users\/2"}],"replies":[{"embeddable":true,"href":"https:\/\/www.cpam-artois.fr\/cnge\/index.php?rest_route=%2Fwp%2Fv2%2Fcomments&post=267"}],"version-history":[{"count":4,"href":"https:\/\/www.cpam-artois.fr\/cnge\/index.php?rest_route=\/wp\/v2\/pages\/267\/revisions"}],"predecessor-version":[{"id":289,"href":"https:\/\/www.cpam-artois.fr\/cnge\/index.php?rest_route=\/wp\/v2\/pages\/267\/revisions\/289"}],"wp:attachment":[{"href":"https:\/\/www.cpam-artois.fr\/cnge\/index.php?rest_route=%2Fwp%2Fv2%2Fmedia&parent=267"}],"curies":[{"name":"wp","href":"https:\/\/api.w.org\/{rel}","templated":true}]}}