{"id":297,"date":"2021-12-01T09:47:49","date_gmt":"2021-12-01T08:47:49","guid":{"rendered":"https:\/\/www.cpam-artois.fr\/cnge\/?page_id=297"},"modified":"2021-12-10T12:11:05","modified_gmt":"2021-12-10T11:11:05","slug":"accueil","status":"publish","type":"page","link":"https:\/\/www.cpam-artois.fr\/cnge\/","title":{"rendered":"Accueil"},"content":{"rendered":"\n<p>Les contenus de ce site ont pour vocation de vous pr\u00e9senter les principaux services et accompagnements en lien avec l\u2019exercice m\u00e9dical de ville. Bien entendu, en compl\u00e9ment des informations pr\u00e9sentes sur ce site (conventionnement, choix d\u2019exercice, outils num\u00e9riques&#8230;), les conseillers informatique service et d\u00e9l\u00e9gu\u00e9s d\u2019assurance maladie de votre secteur sont \u00e9galement \u00e0 votre disposition pour r\u00e9pondre \u00e0 vos questions.<\/p>\n","protected":false},"excerpt":{"rendered":"<p>Les contenus de ce site ont pour vocation de vous pr\u00e9senter les principaux services et accompagnements en lien avec l\u2019exercice m\u00e9dical de ville. Bien entendu, en compl\u00e9ment des informations pr\u00e9sentes sur ce site (conventionnement, choix d\u2019exercice, outils num\u00e9riques&#8230;), les conseillers informatique service et d\u00e9l\u00e9gu\u00e9s d\u2019assurance maladie de votre secteur sont \u00e9galement \u00e0 votre disposition pour [&hellip;]<\/p>\n","protected":false},"author":1,"featured_media":0,"parent":0,"menu_order":0,"comment_status":"closed","ping_status":"closed","template":"","meta":{"_acf_changed":false,"footnotes":""},"class_list":["post-297","page","type-page","status-publish","hentry"],"acf":[],"_links":{"self":[{"href":"https:\/\/www.cpam-artois.fr\/cnge\/index.php?rest_route=\/wp\/v2\/pages\/297","targetHints":{"allow":["GET"]}}],"collection":[{"href":"https:\/\/www.cpam-artois.fr\/cnge\/index.php?rest_route=\/wp\/v2\/pages"}],"about":[{"href":"https:\/\/www.cpam-artois.fr\/cnge\/index.php?rest_route=\/wp\/v2\/types\/page"}],"author":[{"embeddable":true,"href":"https:\/\/www.cpam-artois.fr\/cnge\/index.php?rest_route=\/wp\/v2\/users\/1"}],"replies":[{"embeddable":true,"href":"https:\/\/www.cpam-artois.fr\/cnge\/index.php?rest_route=%2Fwp%2Fv2%2Fcomments&post=297"}],"version-history":[{"count":4,"href":"https:\/\/www.cpam-artois.fr\/cnge\/index.php?rest_route=\/wp\/v2\/pages\/297\/revisions"}],"predecessor-version":[{"id":308,"href":"https:\/\/www.cpam-artois.fr\/cnge\/index.php?rest_route=\/wp\/v2\/pages\/297\/revisions\/308"}],"wp:attachment":[{"href":"https:\/\/www.cpam-artois.fr\/cnge\/index.php?rest_route=%2Fwp%2Fv2%2Fmedia&parent=297"}],"curies":[{"name":"wp","href":"https:\/\/api.w.org\/{rel}","templated":true}]}}