{"id":353,"date":"2022-11-21T14:46:41","date_gmt":"2022-11-21T13:46:41","guid":{"rendered":"https:\/\/www.cpam-artois.fr\/cnge\/?page_id=353"},"modified":"2022-12-13T10:59:12","modified_gmt":"2022-12-13T09:59:12","slug":"le-parcours-insuffisance-cardiaque","status":"publish","type":"page","link":"https:\/\/www.cpam-artois.fr\/cnge\/?page_id=353","title":{"rendered":"Le parcours insuffisance cardiaque"},"content":{"rendered":"\n<p><strong>D\u00e9t\u00e9rioration de la qualit\u00e9 de vie, hospitalisations r\u00e9p\u00e9t\u00e9es, d\u00e9c\u00e8s\u2026 l\u2019insuffisance cardiaque est une maladie chronique lourde de cons\u00e9quences, qui concerne 1,5 million de personnes en France et devrait progresser de 25% tous les 4 ans. Ce nombre est sous-estim\u00e9<\/strong> car les malades tardent \u00e0 \u00eatre diagnostiqu\u00e9s. Elle touche majoritairement les personnes de 60 ans et plus, <strong>mais son incidence s\u2019accro\u00eet n\u00e9anmoins avant 55 ans,<\/strong> comme dans d\u2019autres pays europ\u00e9ens, en raison d\u2019habitudes de vie d\u00e9l\u00e9t\u00e8res \u00e0 la sant\u00e9 (tabagisme, s\u00e9dentarit\u00e9, alimentation). <\/p>\n\n\n\n<h2 class=\"wp-block-heading\">Le diagnostic<\/h2>\n\n\n<div class=\"wp-block-image is-style-default\">\n<figure class=\"aligncenter size-full is-resized\"><img loading=\"lazy\" decoding=\"async\" src=\"https:\/\/www.cpam-artois.fr\/cnge\/wp-content\/uploads\/2022\/12\/Image2222.png\" alt=\"\" class=\"wp-image-363\" width=\"409\" height=\"394\" srcset=\"https:\/\/www.cpam-artois.fr\/cnge\/wp-content\/uploads\/2022\/12\/Image2222.png 798w, https:\/\/www.cpam-artois.fr\/cnge\/wp-content\/uploads\/2022\/12\/Image2222-300x289.png 300w, https:\/\/www.cpam-artois.fr\/cnge\/wp-content\/uploads\/2022\/12\/Image2222-768x740.png 768w\" sizes=\"auto, (max-width: 409px) 100vw, 409px\" \/><figcaption class=\"wp-element-caption\"><a href=\"https:\/\/data.ameli.fr\/pages\/data-pathologies\/\">https:\/\/data.ameli.fr\/pages\/data-pathologies\/<\/a><\/figcaption><\/figure>\n<\/div>\n\n\n<p>Si la majorit\u00e9 des s\u00e9niors interrog\u00e9s par BVA (94%) conna\u00eet de nom l\u2019insuffisance cardiaque, pr\u00e8s de la moiti\u00e9 (45%) ne sait pas ce qu\u2019est cette maladie. <br>De plus, ils peinent \u00e0 identifier ses signes d\u2019alerte : si l\u2019essoufflement (83%) et la fatigue (82%) sont bien d\u00e9sign\u00e9s comme sympt\u00f4mes de la maladie, les \u0153d\u00e8mes (62%) et la prise de poids rapide (26%) le sont beaucoup moins.<br>Seulement 3 s\u00e9niors sur 5 iraient consulter leur m\u00e9decin en constatant une prise de poids rapide (61%) alors que pr\u00e8s de 9 sur 10 ont bien conscience qu\u2019il s\u2019agit d\u2019un probl\u00e8me. De plus, ils d\u00e9clarent ne pas \u00e9voquer syst\u00e9matiquement la survenue d\u2019un de ces sympt\u00f4mes avec leur m\u00e9decin (selon le sympt\u00f4me, entre 56 et 68% omettent de lui en parler \u00e0 chaque fois). Enfin, en moyenne, les m\u00e9decins \u00e9voquent les signaux d\u2019alerte de l\u2019insuffisance cardiaque avec un peu plus d\u20191\/3 de leurs patients de plus de 60 ans (36%).<\/p>\n\n\n\n<h2 class=\"wp-block-heading\">Comment y r\u00e9pondre? Le parcours insuffisance cardiaque<\/h2>\n\n\n\n<figure class=\"wp-block-image size-large\"><img loading=\"lazy\" decoding=\"async\" width=\"1024\" height=\"329\" src=\"https:\/\/www.cpam-artois.fr\/cnge\/wp-content\/uploads\/2022\/12\/ImageDFEDEEDE-1024x329.png\" alt=\"\" class=\"wp-image-364\" srcset=\"https:\/\/www.cpam-artois.fr\/cnge\/wp-content\/uploads\/2022\/12\/ImageDFEDEEDE-1024x329.png 1024w, https:\/\/www.cpam-artois.fr\/cnge\/wp-content\/uploads\/2022\/12\/ImageDFEDEEDE-300x96.png 300w, https:\/\/www.cpam-artois.fr\/cnge\/wp-content\/uploads\/2022\/12\/ImageDFEDEEDE-768x247.png 768w, https:\/\/www.cpam-artois.fr\/cnge\/wp-content\/uploads\/2022\/12\/ImageDFEDEEDE-1536x493.png 1536w, https:\/\/www.cpam-artois.fr\/cnge\/wp-content\/uploads\/2022\/12\/ImageDFEDEEDE.png 1890w\" sizes=\"auto, (max-width: 1024px) 100vw, 1024px\" \/><\/figure>\n\n\n\n<p>Pour r\u00e9pondre \u00e0 l&rsquo;enjeu de coordination du parcours, les soci\u00e9t\u00e9s savantes ont mod\u00e9lis\u00e9 un parcours. Ce parcours est aujourd&rsquo;hui mis \u00e0 disposition des acteurs de sant\u00e9 par l&rsquo;Assurance maladie. Il doit leur permettre d&rsquo;identifier les risques de ruptures dans le parcours de prise en charge afin de les pr\u00e9venir.<\/p>\n\n\n\n<figure class=\"wp-block-image size-large\"><img loading=\"lazy\" decoding=\"async\" width=\"1024\" height=\"215\" src=\"https:\/\/www.cpam-artois.fr\/cnge\/wp-content\/uploads\/2022\/12\/Capture-1024x215.jpg\" alt=\"\" class=\"wp-image-365\" srcset=\"https:\/\/www.cpam-artois.fr\/cnge\/wp-content\/uploads\/2022\/12\/Capture-1024x215.jpg 1024w, https:\/\/www.cpam-artois.fr\/cnge\/wp-content\/uploads\/2022\/12\/Capture-300x63.jpg 300w, https:\/\/www.cpam-artois.fr\/cnge\/wp-content\/uploads\/2022\/12\/Capture-768x162.jpg 768w, https:\/\/www.cpam-artois.fr\/cnge\/wp-content\/uploads\/2022\/12\/Capture-1536x323.jpg 1536w, https:\/\/www.cpam-artois.fr\/cnge\/wp-content\/uploads\/2022\/12\/Capture.jpg 1859w\" sizes=\"auto, (max-width: 1024px) 100vw, 1024px\" \/><\/figure>\n\n\n\n<h2 class=\"wp-block-heading\">Conna\u00eetre les sympt\u00f4mes pour pr\u00e9venir la d\u00e9compensation d&rsquo;insuffisance cardiaque<\/h2>\n\n\n\n<figure class=\"wp-block-embed aligncenter is-type-video is-provider-youtube wp-block-embed-youtube wp-embed-aspect-16-9 wp-has-aspect-ratio\"><div class=\"wp-block-embed__wrapper\">\n<iframe loading=\"lazy\" title=\"Insuffisance cardiaque | Et si votre c\u0153ur essayait de vous dire quelque chose ?\" width=\"500\" height=\"281\" src=\"https:\/\/www.youtube.com\/embed\/bxKUWgESPm0?feature=oembed\" frameborder=\"0\" allow=\"accelerometer; autoplay; clipboard-write; encrypted-media; gyroscope; picture-in-picture; web-share\" referrerpolicy=\"strict-origin-when-cross-origin\" allowfullscreen><\/iframe>\n<\/div><figcaption class=\"wp-element-caption\"><strong>Campagne de communication grand public diffus\u00e9e par l&rsquo;Assurance maladie<\/strong><\/figcaption><\/figure>\n\n\n\n<h2 class=\"wp-block-heading\">Liens utiles<\/h2>\n\n\n\n<p><a href=\"https:\/\/www.has-sante.fr\/jcms\/c_2906058\/fr\/insuffisance-cardiaque-parcours-de-soins\">https:\/\/www.has-sante.fr\/jcms\/c_2906058\/fr\/insuffisance-cardiaque-parcours-de-soins<\/a><\/p>\n\n\n\n<p><a href=\"https:\/\/www.ameli.fr\/medecin\/exercice-liberal\/presciption-prise-charge\/prise-charge-situation-type-soin\/insuffisance-cardiaque\">https:\/\/www.ameli.fr\/medecin\/exercice-liberal\/presciption-prise-charge\/prise-charge-situation-type-soin\/insuffisance-cardiaque<\/a><\/p>\n\n\n\n<div data-wp-interactive=\"core\/file\" class=\"wp-block-file\"><object data-wp-bind--hidden=\"!state.hasPdfPreview\" hidden class=\"wp-block-file__embed\" data=\"http:\/\/www.cpam-artois.fr\/cnge\/wp-content\/uploads\/2022\/12\/CNAM_Memo-Insuffisance-cardiaque-V10-PRINT-HD.pdf\" type=\"application\/pdf\" style=\"width:100%;height:600px\" aria-label=\"Contenu embarqu\u00e9 CNAM_Memo-Insuffisance-cardiaque-V10-PRINT-HD.\"><\/object><a id=\"wp-block-file--media-5154d294-7281-4447-8d58-d4208bc821eb\" href=\"http:\/\/www.cpam-artois.fr\/cnge\/wp-content\/uploads\/2022\/12\/CNAM_Memo-Insuffisance-cardiaque-V10-PRINT-HD.pdf\">CNAM_Memo-Insuffisance-cardiaque-V10-PRINT-HD<\/a><a href=\"http:\/\/www.cpam-artois.fr\/cnge\/wp-content\/uploads\/2022\/12\/CNAM_Memo-Insuffisance-cardiaque-V10-PRINT-HD.pdf\" class=\"wp-block-file__button wp-element-button\" download aria-describedby=\"wp-block-file--media-5154d294-7281-4447-8d58-d4208bc821eb\">T\u00e9l\u00e9charger<\/a><\/div>\n","protected":false},"excerpt":{"rendered":"<p>D\u00e9t\u00e9rioration de la qualit\u00e9 de vie, hospitalisations r\u00e9p\u00e9t\u00e9es, d\u00e9c\u00e8s\u2026 l\u2019insuffisance cardiaque est une maladie chronique lourde de cons\u00e9quences, qui concerne 1,5 million de personnes en France et devrait progresser de 25% tous les 4 ans. Ce nombre est sous-estim\u00e9 car les malades tardent \u00e0 \u00eatre diagnostiqu\u00e9s. Elle touche majoritairement les personnes de 60 ans et [&hellip;]<\/p>\n","protected":false},"author":3,"featured_media":0,"parent":0,"menu_order":0,"comment_status":"closed","ping_status":"closed","template":"","meta":{"_acf_changed":false,"footnotes":""},"class_list":["post-353","page","type-page","status-publish","hentry"],"acf":[],"_links":{"self":[{"href":"https:\/\/www.cpam-artois.fr\/cnge\/index.php?rest_route=\/wp\/v2\/pages\/353","targetHints":{"allow":["GET"]}}],"collection":[{"href":"https:\/\/www.cpam-artois.fr\/cnge\/index.php?rest_route=\/wp\/v2\/pages"}],"about":[{"href":"https:\/\/www.cpam-artois.fr\/cnge\/index.php?rest_route=\/wp\/v2\/types\/page"}],"author":[{"embeddable":true,"href":"https:\/\/www.cpam-artois.fr\/cnge\/index.php?rest_route=\/wp\/v2\/users\/3"}],"replies":[{"embeddable":true,"href":"https:\/\/www.cpam-artois.fr\/cnge\/index.php?rest_route=%2Fwp%2Fv2%2Fcomments&post=353"}],"version-history":[{"count":8,"href":"https:\/\/www.cpam-artois.fr\/cnge\/index.php?rest_route=\/wp\/v2\/pages\/353\/revisions"}],"predecessor-version":[{"id":426,"href":"https:\/\/www.cpam-artois.fr\/cnge\/index.php?rest_route=\/wp\/v2\/pages\/353\/revisions\/426"}],"wp:attachment":[{"href":"https:\/\/www.cpam-artois.fr\/cnge\/index.php?rest_route=%2Fwp%2Fv2%2Fmedia&parent=353"}],"curies":[{"name":"wp","href":"https:\/\/api.w.org\/{rel}","templated":true}]}}