{"id":401,"date":"2022-12-02T11:19:18","date_gmt":"2022-12-02T10:19:18","guid":{"rendered":"https:\/\/www.cpam-artois.fr\/cnge\/?page_id=401"},"modified":"2022-12-02T12:36:40","modified_gmt":"2022-12-02T11:36:40","slug":"la-teleconsultation","status":"publish","type":"page","link":"https:\/\/www.cpam-artois.fr\/cnge\/?page_id=401","title":{"rendered":"La t\u00e9l\u00e9consultation"},"content":{"rendered":"\n<p>La t\u00e9l\u00e9consultation est une consultation r\u00e9alis\u00e9e par un m\u00e9decin (g\u00e9n\u00e9raliste ou de toute autre sp\u00e9cialit\u00e9 m\u00e9dicale), \u00e0 distance d\u2019un patient, ce dernier pouvant \u00eatre assist\u00e9 ou non par un autre professionnel de sant\u00e9 (ex : m\u00e9decin, infirmier, pharmacien\u2026).<\/p>\n\n\n\n<h2 class=\"wp-block-heading\">La t\u00e9l\u00e9consultation &#8211; Quel cadre r\u00e9glementaire et conventionnel?<\/h2>\n\n\n\n<div data-wp-interactive=\"core\/file\" class=\"wp-block-file\"><object data-wp-bind--hidden=\"!state.hasPdfPreview\" hidden class=\"wp-block-file__embed\" data=\"https:\/\/www.cpam-artois.fr\/cnge\/wp-content\/uploads\/2022\/12\/01-Memo-Medecins-1.pdf\" type=\"application\/pdf\" style=\"width:100%;height:600px\" aria-label=\"Contenu embarqu\u00e9 01-Memo-Medecins-1.\"><\/object><a id=\"wp-block-file--media-baf284d8-5479-4b75-b7c0-17cd9d7e05da\" href=\"https:\/\/www.cpam-artois.fr\/cnge\/wp-content\/uploads\/2022\/12\/01-Memo-Medecins-1.pdf\">01-Memo-Medecins-1<\/a><a href=\"https:\/\/www.cpam-artois.fr\/cnge\/wp-content\/uploads\/2022\/12\/01-Memo-Medecins-1.pdf\" class=\"wp-block-file__button wp-element-button\" download aria-describedby=\"wp-block-file--media-baf284d8-5479-4b75-b7c0-17cd9d7e05da\">T\u00e9l\u00e9charger<\/a><\/div>\n\n\n\n<h2 class=\"wp-block-heading\">Liens utiles<\/h2>\n\n\n\n<ul class=\"wp-block-list\">\n<li>https:\/\/www.ameli.fr\/medecin\/exercice-liberal\/telemedecine\/teleconsultation\/teleconsultation <\/li>\n\n\n\n<li>https:\/\/www.conseil-national.medecin.fr\/medecin\/exercice\/point-teleconsultation<\/li>\n<\/ul>\n","protected":false},"excerpt":{"rendered":"<p>La t\u00e9l\u00e9consultation est une consultation r\u00e9alis\u00e9e par un m\u00e9decin (g\u00e9n\u00e9raliste ou de toute autre sp\u00e9cialit\u00e9 m\u00e9dicale), \u00e0 distance d\u2019un patient, ce dernier pouvant \u00eatre assist\u00e9 ou non par un autre professionnel de sant\u00e9 (ex : m\u00e9decin, infirmier, pharmacien\u2026). La t\u00e9l\u00e9consultation &#8211; Quel cadre r\u00e9glementaire et conventionnel? Liens utiles<\/p>\n","protected":false},"author":3,"featured_media":0,"parent":0,"menu_order":0,"comment_status":"closed","ping_status":"closed","template":"","meta":{"_acf_changed":false,"footnotes":""},"class_list":["post-401","page","type-page","status-publish","hentry"],"acf":[],"_links":{"self":[{"href":"https:\/\/www.cpam-artois.fr\/cnge\/index.php?rest_route=\/wp\/v2\/pages\/401","targetHints":{"allow":["GET"]}}],"collection":[{"href":"https:\/\/www.cpam-artois.fr\/cnge\/index.php?rest_route=\/wp\/v2\/pages"}],"about":[{"href":"https:\/\/www.cpam-artois.fr\/cnge\/index.php?rest_route=\/wp\/v2\/types\/page"}],"author":[{"embeddable":true,"href":"https:\/\/www.cpam-artois.fr\/cnge\/index.php?rest_route=\/wp\/v2\/users\/3"}],"replies":[{"embeddable":true,"href":"https:\/\/www.cpam-artois.fr\/cnge\/index.php?rest_route=%2Fwp%2Fv2%2Fcomments&post=401"}],"version-history":[{"count":3,"href":"https:\/\/www.cpam-artois.fr\/cnge\/index.php?rest_route=\/wp\/v2\/pages\/401\/revisions"}],"predecessor-version":[{"id":407,"href":"https:\/\/www.cpam-artois.fr\/cnge\/index.php?rest_route=\/wp\/v2\/pages\/401\/revisions\/407"}],"wp:attachment":[{"href":"https:\/\/www.cpam-artois.fr\/cnge\/index.php?rest_route=%2Fwp%2Fv2%2Fmedia&parent=401"}],"curies":[{"name":"wp","href":"https:\/\/api.w.org\/{rel}","templated":true}]}}