{"id":66,"date":"2021-11-10T15:24:17","date_gmt":"2021-11-10T14:24:17","guid":{"rendered":"http:\/\/cpam-artois.fr\/cnge\/?page_id=66"},"modified":"2021-11-29T14:31:08","modified_gmt":"2021-11-29T13:31:08","slug":"les-7-etapes-cles-de-linstallation-dun-medecin-2","status":"publish","type":"page","link":"https:\/\/www.cpam-artois.fr\/cnge\/?page_id=66","title":{"rendered":"Les 7 \u00e9tapes cl\u00e9s de l\u2019installation d\u2019un m\u00e9decin"},"content":{"rendered":"\n<ol class=\"wp-block-list\"><li><strong>Aupr\u00e8s du conseil de l\u2019Ordre des m\u00e9decins :<\/strong> je m\u2019inscris au tableau du Conseil D\u00e9partemental de l\u2019Ordre de mon lieu d\u2019exercice, je fais enregistrer mon dipl\u00f4me, je re\u00e7ois une attestation d\u2019inscription avec mon n\u00b0 RPPS correspondant \u00e0 mon activit\u00e9 lib\u00e9rale.<br><br><\/li><li><strong>Je me renseigne et je choisis mon \u00e9quipement informatique pour la t\u00e9l\u00e9transmission :<\/strong> <a href=\"https:\/\/www.sesam-vitale.fr\/\">www.sesam-vitale.fr<\/a> ou sur le site <a href=\"https:\/\/cnda.ameli.fr\/\">https:\/\/cnda.ameli.fr<\/a>.<br><br><\/li><li><strong>Aupr\u00e8s de la CPAM de mon lieu d\u2019exercice : <\/strong>Je me rends sur le site <a href=\"https:\/\/installation-medecin.ameli.fr\/installation_medecin\/\">installation-medecin.ameli.fr<\/a> pour fixer un rendez-vous d\u2019installation. Lors de mon RDV d\u2019installation : je signe la convention, j\u2019obtiens un num\u00e9ro de facturation (N\u00b0ADELI), je suis affili\u00e9 au r\u00e9gime des praticiens &#8211; auxiliaires m\u00e9dicaux conventionn\u00e9s (PAMC). Mes feuilles de soins, ma carte CPS sont command\u00e9es.<br><br><\/li><li><strong>Je m\u2019inscris aupr\u00e8s de la Caisse Autonome de Retraite des M\u00e9decins de France (CARMF) :<\/strong> pour ma couverture et mon contrat de pr\u00e9voyance en vue de mon immatriculation retraite. (<a href=\"http:\/\/www.carmf.fr\/\">http:\/\/www.carmf.fr\/<\/a>).<br><br><\/li><li><strong>Aupr\u00e8s de l&rsquo;URSSAF :<\/strong> j&rsquo;effectue les d\u00e9marches d&rsquo;inscription dans un d\u00e9lai d&rsquo;un mois avant ou apr\u00e8s le d\u00e9but de mon activit\u00e9 lib\u00e9rale (<a href=\"https:\/\/www.cfe.urssaf.fr\/saisiepl\/\">www.cfe.urssaf.fr<\/a>).<br><br><\/li><li><strong>Je souscris un contrat de responsabilit\u00e9 civile professionnelle (RCP).<\/strong><br><br><\/li><li><strong>Je souscris si je le souhaite une assurance volontaire \u00ab\u00a0accident du travail\u00a0\u00bb<\/strong> (risque non-couvert par le r\u00e9gime des PAMC).<\/li><\/ol>\n\n\n\n<p>Pour en savoir plus, consulter <a href=\"https:\/\/www.ameli.fr\/medecin\">ameli.fr > professionnel de sant\u00e9 > m\u00e9decin<\/a><\/p>\n\n\n\n<h2 class=\"wp-block-heading\">Liens utiles :<\/h2>\n\n\n\n<p><a href=\"https:\/\/www.ameli.fr\/artois\/medecin\/exercice-liberal\/vie-cabinet\/installation-liberal\" target=\"_blank\" rel=\"noreferrer noopener\">L&rsquo;installation en lib\u00e9ral sur ameli.fr<\/a><\/p>\n\n\n\n<p><a href=\"https:\/\/www.ameli.fr\/artois\/medecin\/exercice-liberal\/vie-cabinet\/remplacements\/remplacements\" data-type=\"URL\" data-id=\"https:\/\/www.ameli.fr\/artois\/medecin\/exercice-liberal\/vie-cabinet\/remplacements\/remplacements\" target=\"_blank\" rel=\"noreferrer noopener\">Exercice lib\u00e9ral : les remplacements sur ameli.fr<\/a><\/p>\n\n\n\n<p><a href=\"https:\/\/www.hauts-de-france.paps.sante.fr\/\" data-type=\"URL\" data-id=\"https:\/\/www.hauts-de-france.paps.sante.fr\/\" target=\"_blank\" rel=\"noreferrer noopener\">Portail d&rsquo;Accompagnement des Professionnels de Sant\u00e9 (PAPS) Hauts-de-France<\/a><\/p>\n","protected":false},"excerpt":{"rendered":"<p>Aupr\u00e8s du conseil de l\u2019Ordre des m\u00e9decins : je m\u2019inscris au tableau du Conseil D\u00e9partemental de l\u2019Ordre de mon lieu d\u2019exercice, je fais enregistrer mon dipl\u00f4me, je re\u00e7ois une attestation d\u2019inscription avec mon n\u00b0 RPPS correspondant \u00e0 mon activit\u00e9 lib\u00e9rale. Je me renseigne et je choisis mon \u00e9quipement informatique pour la t\u00e9l\u00e9transmission : www.sesam-vitale.fr ou [&hellip;]<\/p>\n","protected":false},"author":3,"featured_media":0,"parent":0,"menu_order":0,"comment_status":"closed","ping_status":"closed","template":"","meta":{"_acf_changed":false,"footnotes":""},"class_list":["post-66","page","type-page","status-publish","hentry"],"acf":[],"_links":{"self":[{"href":"https:\/\/www.cpam-artois.fr\/cnge\/index.php?rest_route=\/wp\/v2\/pages\/66","targetHints":{"allow":["GET"]}}],"collection":[{"href":"https:\/\/www.cpam-artois.fr\/cnge\/index.php?rest_route=\/wp\/v2\/pages"}],"about":[{"href":"https:\/\/www.cpam-artois.fr\/cnge\/index.php?rest_route=\/wp\/v2\/types\/page"}],"author":[{"embeddable":true,"href":"https:\/\/www.cpam-artois.fr\/cnge\/index.php?rest_route=\/wp\/v2\/users\/3"}],"replies":[{"embeddable":true,"href":"https:\/\/www.cpam-artois.fr\/cnge\/index.php?rest_route=%2Fwp%2Fv2%2Fcomments&post=66"}],"version-history":[{"count":11,"href":"https:\/\/www.cpam-artois.fr\/cnge\/index.php?rest_route=\/wp\/v2\/pages\/66\/revisions"}],"predecessor-version":[{"id":265,"href":"https:\/\/www.cpam-artois.fr\/cnge\/index.php?rest_route=\/wp\/v2\/pages\/66\/revisions\/265"}],"wp:attachment":[{"href":"https:\/\/www.cpam-artois.fr\/cnge\/index.php?rest_route=%2Fwp%2Fv2%2Fmedia&parent=66"}],"curies":[{"name":"wp","href":"https:\/\/api.w.org\/{rel}","templated":true}]}}