{"id":68,"date":"2021-11-10T15:24:41","date_gmt":"2021-11-10T14:24:41","guid":{"rendered":"http:\/\/cpam-artois.fr\/cnge\/?page_id=68"},"modified":"2021-11-29T14:31:37","modified_gmt":"2021-11-29T13:31:37","slug":"les-7-etapes-cles-pour-un-medecin-remplacant","status":"publish","type":"page","link":"https:\/\/www.cpam-artois.fr\/cnge\/?page_id=68","title":{"rendered":"Les 7 \u00e9tapes cl\u00e9s pour un m\u00e9decin rempla\u00e7ant"},"content":{"rendered":"\n<ol class=\"wp-block-list\"><li><strong>Aupr\u00e8s du Conseil de l&rsquo;Ordre des m\u00e9decins : <\/strong>je m&rsquo;inscris au tableau du Conseil D\u00e9partemental de l&rsquo;Ordre de mon lieu d&rsquo;exercice, je fais enregistrer mon dipl\u00f4me, je re\u00e7ois une attestation d&rsquo;inscription avec mon n\u00b0 RPPS, j&rsquo;effectue la demande pour recevoir ma carte CPS rempla\u00e7ant (carte professionnelle de sant\u00e9).<br><br><\/li><li><strong>Aupr\u00e8s du m\u00e9decin remplac\u00e9 :<\/strong> je conclus un contrat de remplacement au contrat type du Conseil National de l\u2019Ordre des m\u00e9decins.<br><br><\/li><li><strong>Aupr\u00e8s du Conseil D\u00e9partemental de l\u2019Ordre de mon lieu de r\u00e9sidence :<\/strong> j&rsquo;obtiens une autorisation de remplacement d\u00e9livr\u00e9e sur validation du contrat de remplacement.<br><br><\/li><li><strong>Je souscris un contrat de responsabilit\u00e9 civile professionnelle (RCP).<\/strong><br><br><\/li><li><strong>Aupr\u00e8s de l\u2019URSSAF :<\/strong> j\u2019effectue les d\u00e9marches d\u2019inscription dans un d\u00e9lai de 8 jours suivant le d\u00e9but du 1<sup>er <\/sup>remplacement sur <a href=\"https:\/\/www.cfe.urssaf.fr\/saisiepl\/\">www.cfe.urssaf.fr<\/a>.<br><br><\/li><li><strong>Je m\u2019inscris aupr\u00e8s de la Caisse Autonome de Retraite des M\u00e9decins de France (CARMF) :<\/strong> pour ma couverture et mon contrat de pr\u00e9voyance en vue de mon immatriculation retraite (<a href=\"http:\/\/carmf.fr\/\">http:\/\/carmf.fr\/<\/a>).<br><br><\/li><li><strong>Aupr\u00e8s de la CPAM de mon domicile : <\/strong>je fournis une attestation d&rsquo;activit\u00e9 afin de b\u00e9n\u00e9ficier du r\u00e9gime d&rsquo;assurance maladie des praticiens et auxiliaires m\u00e9dicaux conventionn\u00e9s &#8211; PAMC- pour ma protection sociale personnelle.<\/li><\/ol>\n\n\n\n<p> Pour en savoir plus, consulter <a href=\"https:\/\/www.ameli.fr\/medecin\">ameli.fr > professionnel de sant\u00e9 > m\u00e9decin<\/a> <\/p>\n\n\n\n<h2 class=\"wp-block-heading\">Liens utiles :<\/h2>\n\n\n\n<p><a href=\"https:\/\/www.ameli.fr\/artois\/medecin\/exercice-liberal\/vie-cabinet\/installation-liberal\" target=\"_blank\" rel=\"noreferrer noopener\">L&rsquo;installation en lib\u00e9ral sur ameli.fr<\/a><\/p>\n\n\n\n<p><a href=\"https:\/\/www.ameli.fr\/artois\/medecin\/exercice-liberal\/vie-cabinet\/remplacements\/remplacements\" data-type=\"URL\" data-id=\"https:\/\/www.ameli.fr\/artois\/medecin\/exercice-liberal\/vie-cabinet\/remplacements\/remplacements\" target=\"_blank\" rel=\"noreferrer noopener\">Exercice lib\u00e9ral : les remplacements sur ameli.fr<\/a><\/p>\n\n\n\n<p><a href=\"https:\/\/www.hauts-de-france.paps.sante.fr\/\" data-type=\"URL\" data-id=\"https:\/\/www.hauts-de-france.paps.sante.fr\/\" target=\"_blank\" rel=\"noreferrer noopener\">Portail d&rsquo;Accompagnement des Professionnels de Sant\u00e9 (PAPS) Hauts-de-France<\/a><\/p>\n","protected":false},"excerpt":{"rendered":"<p>Aupr\u00e8s du Conseil de l&rsquo;Ordre des m\u00e9decins : je m&rsquo;inscris au tableau du Conseil D\u00e9partemental de l&rsquo;Ordre de mon lieu d&rsquo;exercice, je fais enregistrer mon dipl\u00f4me, je re\u00e7ois une attestation d&rsquo;inscription avec mon n\u00b0 RPPS, j&rsquo;effectue la demande pour recevoir ma carte CPS rempla\u00e7ant (carte professionnelle de sant\u00e9). Aupr\u00e8s du m\u00e9decin remplac\u00e9 : je conclus [&hellip;]<\/p>\n","protected":false},"author":3,"featured_media":0,"parent":0,"menu_order":0,"comment_status":"closed","ping_status":"closed","template":"","meta":{"_acf_changed":false,"footnotes":""},"class_list":["post-68","page","type-page","status-publish","hentry"],"acf":[],"_links":{"self":[{"href":"https:\/\/www.cpam-artois.fr\/cnge\/index.php?rest_route=\/wp\/v2\/pages\/68","targetHints":{"allow":["GET"]}}],"collection":[{"href":"https:\/\/www.cpam-artois.fr\/cnge\/index.php?rest_route=\/wp\/v2\/pages"}],"about":[{"href":"https:\/\/www.cpam-artois.fr\/cnge\/index.php?rest_route=\/wp\/v2\/types\/page"}],"author":[{"embeddable":true,"href":"https:\/\/www.cpam-artois.fr\/cnge\/index.php?rest_route=\/wp\/v2\/users\/3"}],"replies":[{"embeddable":true,"href":"https:\/\/www.cpam-artois.fr\/cnge\/index.php?rest_route=%2Fwp%2Fv2%2Fcomments&post=68"}],"version-history":[{"count":4,"href":"https:\/\/www.cpam-artois.fr\/cnge\/index.php?rest_route=\/wp\/v2\/pages\/68\/revisions"}],"predecessor-version":[{"id":266,"href":"https:\/\/www.cpam-artois.fr\/cnge\/index.php?rest_route=\/wp\/v2\/pages\/68\/revisions\/266"}],"wp:attachment":[{"href":"https:\/\/www.cpam-artois.fr\/cnge\/index.php?rest_route=%2Fwp%2Fv2%2Fmedia&parent=68"}],"curies":[{"name":"wp","href":"https:\/\/api.w.org\/{rel}","templated":true}]}}