{"id":72,"date":"2021-11-10T15:25:20","date_gmt":"2021-11-10T14:25:20","guid":{"rendered":"http:\/\/cpam-artois.fr\/cnge\/?page_id=72"},"modified":"2022-12-12T11:00:19","modified_gmt":"2022-12-12T10:00:19","slug":"lexercice-coordonne-avec-la-carte-des-msp-et-cpts-de-la-region","status":"publish","type":"page","link":"https:\/\/www.cpam-artois.fr\/cnge\/?page_id=72","title":{"rendered":"L\u2019exercice coordonn\u00e9 avec la carte des MSP et CPTS de la r\u00e9gion"},"content":{"rendered":"\n<h2 class=\"wp-block-heading\">Les Communaut\u00e9s Professionnelles Territoriales de Sant\u00e9(CPTS) et les Maisons de Sant\u00e9 Pluri-professionnelles (MSP)<\/h2>\n\n\n\n<p>L\u2019exercice coordonn\u00e9 autour du patient est un enjeu majeur du plan \u00ab&nbsp;Ma sant\u00e9 2022&nbsp;\u00bb. Dans les Hauts de France, de nombreux projets de CPTS et de MSP ont \u00e9merg\u00e9. Dans le contexte de la crise sanitaire de la covid-19, ces structures d\u2019exercice coordonn\u00e9 ont fortement contribu\u00e9 \u00e0 la mise en place d\u2019actions sp\u00e9cifiques pour faciliter le parcours des patients ou le recours \u00e0 la vaccination.<\/p>\n\n\n\n<h3 class=\"wp-block-heading\">Qu\u2019est-ce qu\u2019une CPTS ou une MSP&nbsp;?<\/h3>\n\n\n\n<p>C\u2019est <strong>un projet et une organisation des professionnels de sant\u00e9 d\u2019un territoire<\/strong> pour apporter une r\u00e9ponse coh\u00e9rente&nbsp;:<\/p>\n\n\n\n<ul class=\"wp-block-list\">\n<li>\u00e0 leurs probl\u00e9matiques professionnelles,<\/li>\n\n\n\n<li>aux besoins de leurs patients. Les projets de Communaut\u00e9s Professionnelles Territoriales de Sant\u00e9 (CPTS) et les Maisons de Sant\u00e9 Pluri-professionnelles (MSP) peuvent \u00eatre soutenus par des financements significatifs.<\/li>\n<\/ul>\n\n\n\n<h3 class=\"wp-block-heading\">Quels sont les objectifs&nbsp;?<\/h3>\n\n\n\n<ul class=\"wp-block-list\">\n<li><strong>\u00catre acteur<\/strong> en co-construisant des parcours pluri-professionnels coh\u00e9rents pour la prise en charge de mes patients sur le territoire.<\/li>\n\n\n\n<li><strong>Apporter une r\u00e9ponse adapt\u00e9e<\/strong> aux besoins de nos patients sur le territoire (pour la question du m\u00e9decin traitant et des soins non programm\u00e9s). <\/li>\n\n\n\n<li><strong>\u00catre \u00e0 l\u2019\u00e9coute<\/strong> du territoire en d\u00e9veloppant des actions de pr\u00e9vention en fonction des besoins de la population.<\/li>\n<\/ul>\n\n\n\n<h3 class=\"wp-block-heading\">Pourquoi j&rsquo;adh\u00e8re&nbsp;?&nbsp;<\/h3>\n\n\n\n<p><strong>En tant que professionnel de sant\u00e9<\/strong><\/p>\n\n\n\n<ul class=\"wp-block-list\">\n<li><strong>cr\u00e9er du lien et partager mes probl\u00e9matique<\/strong>s avec mes partenaires sur le territoire,<\/li>\n\n\n\n<li><strong>accompagner les nouveaux arrivants<\/strong> et ainsi rendre mon territoire attractif,<\/li>\n\n\n\n<li><strong>b\u00e9n\u00e9ficier de financements significatifs<\/strong> pour des missions d\u2019int\u00e9r\u00eat commun<\/li>\n<\/ul>\n\n\n\n<p><strong>Pour mes patients<\/strong><\/p>\n\n\n\n<ul class=\"wp-block-list\">\n<li><strong>faciliter leur prise en charge <\/strong>et la coordonner sur le territoire, <\/li>\n\n\n\n<li><strong>pouvoir leur proposer un acc\u00e8s privil\u00e9gi\u00e9<\/strong> \u00e0 mes confr\u00e8res et\/ou \u00e9tablissements du territoire.<\/li>\n<\/ul>\n\n\n\n<h2 class=\"wp-block-heading\">Comment cr\u00e9er une CPTS ou une MSP&nbsp;?<\/h2>\n\n\n\n<figure class=\"wp-block-image size-large\"><img loading=\"lazy\" decoding=\"async\" width=\"1024\" height=\"202\" src=\"https:\/\/www.cpam-artois.fr\/cnge\/wp-content\/uploads\/2022\/12\/Capturedekfjkfe-1024x202.jpg\" alt=\"\" class=\"wp-image-412\" srcset=\"https:\/\/www.cpam-artois.fr\/cnge\/wp-content\/uploads\/2022\/12\/Capturedekfjkfe-1024x202.jpg 1024w, https:\/\/www.cpam-artois.fr\/cnge\/wp-content\/uploads\/2022\/12\/Capturedekfjkfe-300x59.jpg 300w, https:\/\/www.cpam-artois.fr\/cnge\/wp-content\/uploads\/2022\/12\/Capturedekfjkfe-768x152.jpg 768w, https:\/\/www.cpam-artois.fr\/cnge\/wp-content\/uploads\/2022\/12\/Capturedekfjkfe-1536x303.jpg 1536w, https:\/\/www.cpam-artois.fr\/cnge\/wp-content\/uploads\/2022\/12\/Capturedekfjkfe.jpg 1652w\" sizes=\"auto, (max-width: 1024px) 100vw, 1024px\" \/><figcaption class=\"wp-element-caption\"><strong>Parcours cr\u00e9ation CPTS<\/strong><\/figcaption><\/figure>\n\n\n\n<h2 class=\"wp-block-heading\">L\u2019Assurance Maladie vous accompagne dans vos projets<\/h2>\n\n\n\n<p>Les r\u00e9f\u00e9rents exercice coordonn\u00e9 (ROC) des Hauts de France, vous accompagnent dans la r\u00e9alisation de vos projets et r\u00e9pondent \u00e0 toutes vos questions sur les Communaut\u00e9s Professionnelles Territoriales de Sant\u00e9 (CPTS) et les Maisons de Sant\u00e9 Pluri-professionnelles (MSP).<\/p>\n\n\n\n<p>Consultez les cartes des MSP et des&nbsp; CPTS en Hauts de France et retrouvez vos contacts sur le site <a href=\"https:\/\/www.hauts-de-france.paps.sante.fr\/\">PAPS<\/a>&nbsp;:<\/p>\n\n\n<div class=\"wp-block-image\">\n<figure class=\"aligncenter size-large is-resized\"><img loading=\"lazy\" decoding=\"async\" src=\"https:\/\/www.cpam-artois.fr\/cnge\/wp-content\/uploads\/2022\/12\/MSP-722x1024.jpg\" alt=\"\" class=\"wp-image-384\" width=\"472\" height=\"670\" srcset=\"https:\/\/www.cpam-artois.fr\/cnge\/wp-content\/uploads\/2022\/12\/MSP-722x1024.jpg 722w, https:\/\/www.cpam-artois.fr\/cnge\/wp-content\/uploads\/2022\/12\/MSP-212x300.jpg 212w, https:\/\/www.cpam-artois.fr\/cnge\/wp-content\/uploads\/2022\/12\/MSP-768x1089.jpg 768w, https:\/\/www.cpam-artois.fr\/cnge\/wp-content\/uploads\/2022\/12\/MSP.jpg 952w\" sizes=\"auto, (max-width: 472px) 100vw, 472px\" \/><\/figure>\n<\/div>\n\n<div class=\"wp-block-image\">\n<figure class=\"aligncenter size-large\"><img loading=\"lazy\" decoding=\"async\" width=\"1024\" height=\"746\" src=\"https:\/\/www.cpam-artois.fr\/cnge\/wp-content\/uploads\/2022\/12\/CPTS-1024x746.jpg\" alt=\"\" class=\"wp-image-385\" srcset=\"https:\/\/www.cpam-artois.fr\/cnge\/wp-content\/uploads\/2022\/12\/CPTS-1024x746.jpg 1024w, https:\/\/www.cpam-artois.fr\/cnge\/wp-content\/uploads\/2022\/12\/CPTS-300x218.jpg 300w, https:\/\/www.cpam-artois.fr\/cnge\/wp-content\/uploads\/2022\/12\/CPTS-768x559.jpg 768w, https:\/\/www.cpam-artois.fr\/cnge\/wp-content\/uploads\/2022\/12\/CPTS-1536x1119.jpg 1536w, https:\/\/www.cpam-artois.fr\/cnge\/wp-content\/uploads\/2022\/12\/CPTS.jpg 1737w\" sizes=\"auto, (max-width: 1024px) 100vw, 1024px\" \/><\/figure>\n<\/div>","protected":false},"excerpt":{"rendered":"<p>Les Communaut\u00e9s Professionnelles Territoriales de Sant\u00e9(CPTS) et les Maisons de Sant\u00e9 Pluri-professionnelles (MSP) L\u2019exercice coordonn\u00e9 autour du patient est un enjeu majeur du plan \u00ab&nbsp;Ma sant\u00e9 2022&nbsp;\u00bb. Dans les Hauts de France, de nombreux projets de CPTS et de MSP ont \u00e9merg\u00e9. Dans le contexte de la crise sanitaire de la covid-19, ces structures d\u2019exercice [&hellip;]<\/p>\n","protected":false},"author":3,"featured_media":0,"parent":0,"menu_order":0,"comment_status":"closed","ping_status":"closed","template":"","meta":{"_acf_changed":false,"footnotes":""},"class_list":["post-72","page","type-page","status-publish","hentry"],"acf":[],"_links":{"self":[{"href":"https:\/\/www.cpam-artois.fr\/cnge\/index.php?rest_route=\/wp\/v2\/pages\/72","targetHints":{"allow":["GET"]}}],"collection":[{"href":"https:\/\/www.cpam-artois.fr\/cnge\/index.php?rest_route=\/wp\/v2\/pages"}],"about":[{"href":"https:\/\/www.cpam-artois.fr\/cnge\/index.php?rest_route=\/wp\/v2\/types\/page"}],"author":[{"embeddable":true,"href":"https:\/\/www.cpam-artois.fr\/cnge\/index.php?rest_route=\/wp\/v2\/users\/3"}],"replies":[{"embeddable":true,"href":"https:\/\/www.cpam-artois.fr\/cnge\/index.php?rest_route=%2Fwp%2Fv2%2Fcomments&post=72"}],"version-history":[{"count":18,"href":"https:\/\/www.cpam-artois.fr\/cnge\/index.php?rest_route=\/wp\/v2\/pages\/72\/revisions"}],"predecessor-version":[{"id":414,"href":"https:\/\/www.cpam-artois.fr\/cnge\/index.php?rest_route=\/wp\/v2\/pages\/72\/revisions\/414"}],"wp:attachment":[{"href":"https:\/\/www.cpam-artois.fr\/cnge\/index.php?rest_route=%2Fwp%2Fv2%2Fmedia&parent=72"}],"curies":[{"name":"wp","href":"https:\/\/api.w.org\/{rel}","templated":true}]}}