{"id":95,"date":"2021-11-19T11:16:00","date_gmt":"2021-11-19T10:16:00","guid":{"rendered":"https:\/\/www.cpam-artois.fr\/cnge\/?page_id=95"},"modified":"2022-12-02T12:21:47","modified_gmt":"2022-12-02T11:21:47","slug":"le-dossier-medical-partage-dmp-en-pratique","status":"publish","type":"page","link":"https:\/\/www.cpam-artois.fr\/cnge\/?page_id=95","title":{"rendered":"Le Dossier M\u00e9dical Partag\u00e9 (DMP) en pratique"},"content":{"rendered":"<div class=\"wp-block-image\">\n<figure class=\"alignleft size-full\"><img loading=\"lazy\" decoding=\"async\" width=\"180\" height=\"170\" src=\"https:\/\/www.cpam-artois.fr\/cnge\/wp-content\/uploads\/2021\/11\/petit-logo-dmp-pour-article-ameli.jpg\" alt=\"\" class=\"wp-image-224\" \/><\/figure>\n<\/div>\n\n\n<blockquote class=\"wp-block-quote is-layout-flow wp-block-quote-is-layout-flow\">\n<p>V\u00e9ritable carnet de sant\u00e9 num\u00e9rique, le Dossier M\u00e9dical Partag\u00e9 (DMP) r\u00e9pond \u00e0 un enjeu de sant\u00e9 publique : disposer de la bonne information, au bon moment, o\u00f9 que l\u2019on se trouve. Pour les professionnels de sant\u00e9, c\u2019est le gage d\u2019une meilleure prise en charge m\u00e9dicale des patients. Petit tour d\u2019horizon des questions qui peuvent se poser dans son application au quotidien.<\/p>\n<\/blockquote>\n\n\n\nhttps:\/\/www.dmp.fr\/\n\n\n\n<h2 class=\"wp-block-heading\">Qu\u2019est-ce que le DMP et o\u00f9 en est-on de sa mise en place ?<\/h2>\n\n\n\n<p>Apr\u00e8s une premi\u00e8re \u00e9tape, men\u00e9e dans 9 d\u00e9partements pendant 18 mois, le DMP est g\u00e9n\u00e9ralis\u00e9 \u00e0 l\u2019ensemble du territoire fin 2018. Depuis 2022, les DMP ont \u00e9t\u00e9 cr\u00e9\u00e9s en opt-out pour tous les assur\u00e9s sociaux, sauf opposition de leur part.<\/p>\n\n\n\n<p>Concr\u00e8tement, le DMP donne la possibilit\u00e9 au patient de rassembler en un m\u00eame endroit ses donn\u00e9es de sant\u00e9 et de les partager avec les professionnels de sant\u00e9 de son choix.<\/p>\n\n\n\n<p>L\u2019objectif est d\u2019offrir \u00e0 chacun, professionnel comme patient, un outil pratique, confidentiel, au service de la coordination des soins, qui simplifie la transmission des informations m\u00e9dicales, param\u00e9dicales et administratives entre les soignants, en ville comme \u00e0 l\u2019h\u00f4pital.<\/p>\n\n\n\n<h2 class=\"wp-block-heading\">Quels b\u00e9n\u00e9fices pour la pratique m\u00e9dicale<\/h2>\n\n\n\n<p>Le DMP permet de :<\/p>\n\n\n\n<ul class=\"wp-block-list\">\n<li>renforcer la collaboration entre tous les professionnels de sant\u00e9, en partageant les donn\u00e9es de soins essentielles d\u2019un patient au sein d\u2019un m\u00eame espace ;<\/li>\n\n\n\n<li>avoir acc\u00e8s imm\u00e9diatement aux informations m\u00e9dicales d\u2019un patient lors d\u2019une hospitalisation ou d\u2019une premi\u00e8re consultation ;<\/li>\n\n\n\n<li>faciliter le suivi des patients n\u00e9cessitant des soins et un accompagnement dans la dur\u00e9e : femmes enceintes, personnes \u00e2g\u00e9es ou souffrant de maladies chroniques ;<\/li>\n\n\n\n<li>\u00e9viter les interactions m\u00e9dicamenteuses ;<\/li>\n\n\n\n<li>\u00e9viter de prescrire des examens ou traitements d\u00e9j\u00e0 demand\u00e9s par des confr\u00e8res.<\/li>\n<\/ul>\n\n\n\n<h2 class=\"wp-block-heading\">Quelles sont les informations contenues dans le DMP ?<\/h2>\n\n\n\n<p>Le DMP permet de retrouver l\u2019ensemble des informations m\u00e9dicales du patient :<\/p>\n\n\n\n<ul class=\"wp-block-list\">\n<li>traitements m\u00e9dicamenteux ;<\/li>\n\n\n\n<li>pathologies et allergies \u00e9ventuelles ;<\/li>\n\n\n\n<li>historique des remboursements ;<\/li>\n\n\n\n<li>comptes rendus d\u2019hospitalisation et de consultation ;<\/li>\n\n\n\n<li>r\u00e9sultats d\u2019examens (par exemple de biologie, imagerie&#8230;) ;<\/li>\n\n\n\n<li>directives anticip\u00e9es.<\/li>\n<\/ul>\n\n\n\n<p><\/p>\n\n\n\n<p>V\u00e9ritable synth\u00e8se annuelle de l\u2019\u00e9tat de sant\u00e9 d\u2019un patient, le Volet de Synth\u00e8se M\u00e9dicale (VSM) est un \u00e9l\u00e9ment cl\u00e9 que les m\u00e9decins ont \u00e0 faire figurer dans le DMP. Il permet de faciliter l\u2019\u00e9change d\u2019informations sur un patient et son suivi entre les diff\u00e9rents professionnels de sant\u00e9.<\/p>\n\n\n\n<figure class=\"wp-block-video\"><video height=\"1080\" style=\"aspect-ratio: 1920 \/ 1080;\" width=\"1920\" controls src=\"https:\/\/www.cpam-artois.fr\/cnge\/wp-content\/uploads\/2022\/03\/Film-Cas-MES-1_CNAM_ST_2101-2.mp4\"><\/video><\/figure>\n\n\n\n<p>\u00c0 noter que le DMP n\u2019a pas vocation \u00e0 se substituer au dossier professionnel de chaque praticien. Il comprend les informations essentielles pour conna\u00eetre l\u2019\u00e9tat de sant\u00e9 du patient et qui permettent la coordination et la continuit\u00e9 des soins.<\/p>\n\n\n\n<h2 class=\"wp-block-heading\">Comment le DMP est-il organis\u00e9 ?<\/h2>\n\n\n\n<p>Le DMP est organis\u00e9 en neuf espaces sp\u00e9cifiques. Cette arborescence, tr\u00e8s structur\u00e9e, permet un classement rigoureux des documents. La tra\u00e7abilit\u00e9 de chaque document est assur\u00e9e par l\u2019indication de son auteur et de sa date de d\u00e9p\u00f4t.<\/p>\n\n\n\n<p>Un en-t\u00eate contenant des m\u00e9tadonn\u00e9es permet d\u2019indexer certains documents enregistr\u00e9s dans le DMP. Les professionnels de sant\u00e9 peuvent alors r\u00e9aliser une recherche sp\u00e9cifique sur la base d\u2019un mot cl\u00e9 de leur choix.<\/p>\n\n\n\n<h2 class=\"wp-block-heading\">Comment acc\u00e9der au DMP ?<\/h2>\n\n\n\n<p>D\u00e8s lors que le patient l\u2019a autoris\u00e9, un professionnel de sant\u00e9 peut consulter et alimenter son DMP. Il doit pour cela \u00eatre muni de sa carte professionnelle de sant\u00e9 (CPS) et de la carte Vitale du patient.<\/p>\n\n\n\n<p>Le m\u00e9decin traitant b\u00e9n\u00e9ficie, par ailleurs, de droits sp\u00e9cifiques sur le DMP de son patient. Il peut par exemple :<\/p>\n\n\n\n<ul class=\"wp-block-list\">\n<li>bloquer l&rsquo;acc\u00e8s du DMP \u00e0 un professionnel de sant\u00e9 ;<\/li>\n\n\n\n<li>consulter l&rsquo;historique de tous les acc\u00e8s au DMP de son patient ;<\/li>\n\n\n\n<li>acc\u00e9der aux documents que son patient a choisi de masquer aux autres professionnels de sant\u00e9 ;<\/li>\n\n\n\n<li>donner le statut de m\u00e9decin traitant \u00e0 un autre m\u00e9decin.<\/li>\n<\/ul>\n\n\n\n<p>Le DMP est accessible de 2 fa\u00e7ons : directement via le site&nbsp;<a href=\"https:\/\/www.dmp.fr\/ps\" target=\"_blank\" rel=\"noreferrer noopener\">dmp.fr<\/a>&nbsp;ou depuis un logiciel m\u00e9tier. D\u00e9sormais,&nbsp;<strong>80% des solutions logicielles utilis\u00e9es par les professionnels de sant\u00e9 int\u00e8grent le DMP<\/strong>&nbsp;et l\u2019alimentation des donn\u00e9es m\u00e9dicales est transparente pour les professionnels de sant\u00e9.<\/p>\n\n\n\n<p>La liste des solutions DMP-compatibles est disponible sur le site du&nbsp;<a href=\"https:\/\/www.sesam-vitale.fr\/web\/sesam-vitale\/catalogue-produits\" target=\"_blank\" rel=\"noreferrer noopener\">GIE Sesam Vitale<\/a>.<\/p>\n\n\n\n<h2 class=\"wp-block-heading\">Le DMP modifie-t-il la responsabilit\u00e9 m\u00e9dicale du m\u00e9decin ?<\/h2>\n\n\n\n<p>Le fonctionnement du DMP n&rsquo;a pas vocation \u00e0 remettre en cause les fondements de la responsabilit\u00e9 m\u00e9dicale. D\u00e8s lors que le DMP devient un outil usuel pour les professionnels de sant\u00e9 et qu\u2019il s\u2019est largement d\u00e9velopp\u00e9 en France, il devient un des \u00e9l\u00e9ments susceptibles, parmi d\u2019autres, de fonder la d\u00e9cision m\u00e9dicale ou l&rsquo;orientation des soins.<\/p>\n\n\n\n<p><strong>La r\u00e9mun\u00e9ration li\u00e9e au d\u00e9ploiement du DMP<\/strong><\/p>\n\n\n\n<p>Le DMP est au service de la coordination des soins et offre aux professionnels de sant\u00e9 la possibilit\u00e9 d&rsquo;acc\u00e9der \u00e0 une information beaucoup plus compl\u00e8te sur leurs patients. Son utilisation est donc de nature \u00e0 s\u00e9curiser et \u00e0 renforcer davantage la prise de d\u00e9cision m\u00e9dicale ou l&rsquo;orientation des soins.<\/p>\n\n\n\n<p>Une aide financi\u00e8re \u00e0 l\u2019organisation et \u00e0 l\u2019informatisation du cabinet m\u00e9dical est possible via le forfait structure des m\u00e9decins conventionn\u00e9s. Ce financement permet notamment l\u2019achat d\u2019un logiciel DMP-compatible ou d\u2019un connecteur. Pour plus d\u2019information, contactez votre caisse d\u2019assurance maladie.<\/p>\n\n\n\n<p><a href=\"https:\/\/www.ameli.fr\/medecin\/exercice-liberal\/vie-cabinet\/aides-financieres\/modernisation-cabinet\">https:\/\/www.ameli.fr\/medecin\/exercice-liberal\/vie-cabinet\/aides-financieres\/modernisation-cabinet<\/a><\/p>\n","protected":false},"excerpt":{"rendered":"<p>V\u00e9ritable carnet de sant\u00e9 num\u00e9rique, le Dossier M\u00e9dical Partag\u00e9 (DMP) r\u00e9pond \u00e0 un enjeu de sant\u00e9 publique : disposer de la bonne information, au bon moment, o\u00f9 que l\u2019on se trouve. Pour les professionnels de sant\u00e9, c\u2019est le gage d\u2019une meilleure prise en charge m\u00e9dicale des patients. Petit tour d\u2019horizon des questions qui peuvent se [&hellip;]<\/p>\n","protected":false},"author":2,"featured_media":0,"parent":0,"menu_order":0,"comment_status":"closed","ping_status":"closed","template":"","meta":{"_acf_changed":false,"footnotes":""},"class_list":["post-95","page","type-page","status-publish","hentry"],"acf":[],"_links":{"self":[{"href":"https:\/\/www.cpam-artois.fr\/cnge\/index.php?rest_route=\/wp\/v2\/pages\/95","targetHints":{"allow":["GET"]}}],"collection":[{"href":"https:\/\/www.cpam-artois.fr\/cnge\/index.php?rest_route=\/wp\/v2\/pages"}],"about":[{"href":"https:\/\/www.cpam-artois.fr\/cnge\/index.php?rest_route=\/wp\/v2\/types\/page"}],"author":[{"embeddable":true,"href":"https:\/\/www.cpam-artois.fr\/cnge\/index.php?rest_route=\/wp\/v2\/users\/2"}],"replies":[{"embeddable":true,"href":"https:\/\/www.cpam-artois.fr\/cnge\/index.php?rest_route=%2Fwp%2Fv2%2Fcomments&post=95"}],"version-history":[{"count":11,"href":"https:\/\/www.cpam-artois.fr\/cnge\/index.php?rest_route=\/wp\/v2\/pages\/95\/revisions"}],"predecessor-version":[{"id":390,"href":"https:\/\/www.cpam-artois.fr\/cnge\/index.php?rest_route=\/wp\/v2\/pages\/95\/revisions\/390"}],"wp:attachment":[{"href":"https:\/\/www.cpam-artois.fr\/cnge\/index.php?rest_route=%2Fwp%2Fv2%2Fmedia&parent=95"}],"curies":[{"name":"wp","href":"https:\/\/api.w.org\/{rel}","templated":true}]}}